{"id":456,"date":"2021-01-03T01:15:08","date_gmt":"2021-01-02T22:15:08","guid":{"rendered":"http:\/\/mertsecer.com\/?page_id=456"},"modified":"2021-01-17T13:40:58","modified_gmt":"2021-01-17T10:40:58","slug":"ameliyatsiz-estetik-islemler","status":"publish","type":"page","link":"https:\/\/mertsecer.com\/de\/ameliyatsiz-estetik-islemler\/","title":{"rendered":"\u00c4sthetik ohne Operation"},"content":{"rendered":"<div id='full_slider_1'  class='avia-fullwidth-slider main_color avia-shadow   avia-builder-el-0  el_before_av_layout_row  avia-builder-el-first   container_wrap fullsize' style=' '  ><div   data-size='featured_large'  data-lightbox_size='large'  data-animation='fade'  data-conditional_play=''  data-ids='524,523'  data-video_counter='0'  data-autoplay='false'  data-bg_slider='false'  data-slide_height=''  data-handle='av_slideshow_full'  data-interval='5'  data-class=' '  data-el_id=''  data-css_id=''  data-scroll_down=''  data-control_layout='av-control-minimal'  data-custom_markup=''  data-perma_caption=''  data-autoplay_stopper=''  data-image_attachment=''  data-min_height='0px'  data-lazy_loading='disabled'  data-src=''  data-position='top left'  data-repeat='no-repeat'  data-attach='scroll'  data-stretch=''  data-default-height='42'  class='avia-slideshow avia-slideshow-1  av-control-minimal av-default-height-applied avia-slideshow-featured_large av_slideshow_full   avia-fade-slider'  itemprop=\"image\" itemscope=\"itemscope\" itemtype=\"https:\/\/schema.org\/ImageObject\" ><ul class='avia-slideshow-inner' style='padding-bottom: 42%;' ><li  class='slide-1' ><div data-rel='slideshow-1' class='avia-slide-wrap'   ><div class = \"caption_fullwidth av-slideshow-caption caption_bottom\"><div class = \"container caption_container\"><div class = \"slideshow_caption\"><div class = \"slideshow_inner_caption\"><div class = \"slideshow_align_caption\"><h2  class='avia-caption-title'  itemprop=\"name\" >\u00c4sthetik ohne Operation<\/h2><\/div><\/div><\/div><\/div><\/div><img decoding=\"async\" class=\"wp-image-524 avia-img-lazy-loading-not-524\"  src=\"https:\/\/mertsecer.com\/wp-content\/uploads\/2021\/01\/Ae1-1500x630.jpg\" width=\"1500\" height=\"630\" title='Ae1' alt=''  itemprop=\"thumbnailUrl\"   \/><\/div><\/li><li  class='slide-2' ><div data-rel='slideshow-1' class='avia-slide-wrap'   ><div class = \"caption_fullwidth av-slideshow-caption caption_bottom\"><div class = \"container caption_container\"><div class = \"slideshow_caption\"><div class = \"slideshow_inner_caption\"><div class = \"slideshow_align_caption\"><h2  class='avia-caption-title'  itemprop=\"name\" >\u00c4sthetik ohne Operation<\/h2><\/div><\/div><\/div><\/div><\/div><img decoding=\"async\" class=\"wp-image-523 avia-img-lazy-loading-not-523\"  src=\"https:\/\/mertsecer.com\/wp-content\/uploads\/2021\/01\/ae-1500x630.jpg\" width=\"1500\" height=\"630\" title='ae' alt=''  itemprop=\"thumbnailUrl\"   \/><\/div><\/li><\/ul><div class='avia-slideshow-arrows avia-slideshow-controls'><a href='#prev' class='prev-slide' aria-hidden='true' data-av_icon='\ue87c' data-av_iconfont='entypo-fontello'>Zur\u00fcck<\/a><a href='#next' class='next-slide' aria-hidden='true' data-av_icon='\ue87d' data-av_iconfont='entypo-fontello'>Weiter<\/a><\/div><div class='avia-slideshow-dots avia-slideshow-controls'><a href='#1' class='goto-slide active' >1<\/a><a href='#2' class='goto-slide' >2<\/a><\/div><\/div><\/div>\n<div id='av-layout-grid-1'  class='av-layout-grid-container entry-content-wrapper main_color av-flex-cells     avia-builder-el-1  el_after_av_slideshow_full  el_before_av_layout_row  submenu-not-first container_wrap fullsize' style=' '  >\n<div class=\"flex_cell no_margin av_one_third  avia-builder-el-2  el_before_av_cell_one_third  avia-builder-el-first\"  style='vertical-align:top; padding:30px; ' ><div class='flex_cell_inner' ><p><div  style='padding-bottom:10px; ' class='av-special-heading av-special-heading-h3  blockquote modern-quote modern-centered  avia-builder-el-3  el_before_av_textblock  avia-builder-el-first'><h3 class='av-special-heading-tag'  itemprop=\"headline\"  >Gesichtsstraffung Anwendungen<\/h3><div class='special-heading-border'><div class='special-heading-inner-border' ><\/div><\/div><\/div><br \/>\n<section class=\"av_textblock_section\"  itemscope=\"itemscope\" itemtype=\"https:\/\/schema.org\/CreativeWork\" ><div class='avia_textblock'   itemprop=\"text\" ><p><strong>Spinnennetz<\/strong><br \/>\nDiese Technik erzeugt den Effekt der Dehnung der Haut ohne chirurgischen Zugang mit PDO (Polydioxanon), wie chirurgischen F\u00e4den, die in sehr d\u00fcnnen Nadeln platziert werden. Diese F\u00e4den werden mit Mikronadeln unter der Haut platziert, wo Falten und Erschlaffungen auftreten. PDO-F\u00e4den verursachen keine unerw\u00fcnschten Reaktionen. PDO-F\u00e4den regen das Selbstreparatursystem der Haut und die Kollagenproduktion an, indem sie die Durchblutung erh\u00f6hen, ohne dass es zu unerw\u00fcnschten Reaktionen kommt. Obwohl diese F\u00e4den mit der Zeit schmelzen, wird das neue Gewebe, das von der Haut um die F\u00e4den herum gebildet wird, weiterhin einer Netzwerkfunktion unterzogen, der das Absacken der Haut beseitigt und einen Dehnungseffekt erzeugt. Die Wirkung des Eingriffs erreicht ihre beste Form innerhalb von ein bis zwei Monaten mit dem Bildungsprozess dieses Bindegewebes.<\/p>\n<p><strong>Fadenlifting<\/strong><br \/>\nEs wird permanente oder schmelzende Spezialf\u00e4den zum Absacken von Augenbrauen, Wangen, Kinn und Hals ohne chirurgischen Eingriff verwendet. Diese F\u00e4den werden mit sorgf\u00e4ltiger Planung an den Stellen platziert, an denen ein Durchh\u00e4ngen auftritt, und erzeugen einen Spannungs- und Lifting-Effekt, der etwa 2-3 Jahre anh\u00e4lt. Der Vorgang dauert etwa 45 Minuten. Menschen, die nach dem Eingriff behandelt werden, k\u00f6nnen sofort zu ihrer Arbeit und ihrem sozialen Leben zur\u00fcckkehren. Rund um die operierten Stellen k\u00f6nnen f\u00fcr ca. 1 Woche Schwellungen und \u00d6deme sichtbar sein.<\/p>\n<\/div><\/section><\/p>\n<\/div><\/div><div class=\"flex_cell no_margin av_one_third  avia-builder-el-5  el_after_av_cell_one_third  el_before_av_cell_one_third\"  style='vertical-align:top; padding:30px; background-color:#f7f7f7; ' ><div class='flex_cell_inner' ><p><div  style='padding-bottom:10px; ' class='av-special-heading av-special-heading-h3  blockquote modern-quote modern-centered  avia-builder-el-6  el_before_av_textblock  avia-builder-el-first'><h3 class='av-special-heading-tag'  itemprop=\"headline\"  >Micro-Needling Behandlung<\/h3><div class ='av-subheading av-subheading_below' style='font-size:15px;'><p>(DERMAROLLER, DERMAPEN)<\/p>\n<\/div><div class='special-heading-border'><div class='special-heading-inner-border' ><\/div><\/div><\/div><br \/>\n<section class=\"av_textblock_section\"  itemscope=\"itemscope\" itemtype=\"https:\/\/schema.org\/CreativeWork\" ><div class='avia_textblock'   itemprop=\"text\" ><p>Microneedling: Behandlungen, die darauf abzielen, den Selbstreparaturprozess der Haut auszul\u00f6sen, indem mit Mikronadeln wie Dermapen und Dermaroller unsichtbare L\u00f6cher in der Haut erzeugt werden und die Produktion von Kollagen und Elastin gesteigert wird. Es stimuliert die Hautregeneration und sorgt so f\u00fcr eine ebenm\u00e4\u00dfige, strahlende und gesunde Haut.<br \/>\nDa vor dem Eingriff Lokalan\u00e4sthetika verwendet werden, treten keine oder nur minimale Schmerzen auf. Nach dem Eingriff kann das t\u00e4gliche Leben fortgesetzt werden.<br \/>\nMicroneedling wird h\u00e4ufig im Gesicht, Hals, Dekollet\u00e9 und an den H\u00e4nden bevorzugt und ist f\u00fcr alle Hauttypen geeignet.<br \/>\nEs ist \u00e4u\u00dferst wichtig f\u00fcr die Nachsorge und den Erfolg des Behandlungsprozesses, dass seine Anwendung unter der Kontrolle von Fach\u00e4rzten ist.<\/p>\n<p><img loading=\"lazy\" decoding=\"async\" class=\"alignnone wp-image-679\" src=\"http:\/\/mertsecer.com\/wp-content\/uploads\/2021\/01\/Ae5k-300x123.jpg\" alt=\"\" width=\"390\" height=\"160\" srcset=\"https:\/\/mertsecer.com\/wp-content\/uploads\/2021\/01\/Ae5k-300x123.jpg 300w, https:\/\/mertsecer.com\/wp-content\/uploads\/2021\/01\/Ae5k-768x315.jpg 768w, https:\/\/mertsecer.com\/wp-content\/uploads\/2021\/01\/Ae5k-705x289.jpg 705w, https:\/\/mertsecer.com\/wp-content\/uploads\/2021\/01\/Ae5k.jpg 800w\" sizes=\"auto, (max-width: 390px) 100vw, 390px\" \/><\/p>\n<\/div><\/section><\/p>\n<\/div><\/div><div class=\"flex_cell no_margin av_one_third  avia-builder-el-8  el_after_av_cell_one_third  avia-builder-el-last\"  style='vertical-align:top; padding:30px; background-color:#eaeaea; ' ><div class='flex_cell_inner' ><p><div  style='padding-bottom:10px; ' class='av-special-heading av-special-heading-h3  blockquote modern-quote modern-centered  avia-builder-el-9  el_before_av_textblock  avia-builder-el-first'><h3 class='av-special-heading-tag'  itemprop=\"headline\"  >PRP <\/h3><div class ='av-subheading av-subheading_below' style='font-size:15px;'><p>(PLATELET RICH PLASMA)<\/p>\n<\/div><div class='special-heading-border'><div class='special-heading-inner-border' ><\/div><\/div><\/div><br \/>\n<section class=\"av_textblock_section\"  itemscope=\"itemscope\" itemtype=\"https:\/\/schema.org\/CreativeWork\" ><div class='avia_textblock'   itemprop=\"text\" ><p>PRP (Platelet Rich Plasma) ist die Aufbereitung von Blut, das der Person durch Zentrifugenmethode entnommen, mit Blutpl\u00e4ttchen angereichert und dem Patienten durch Mesotherapie oder oberfl\u00e4chliche Maskenanwendungen verabreicht wird.<br \/>\nBlutpl\u00e4ttchen, einer der Zelltypen im Blut, enthalten viele Wachstumsfaktoren und Zytokine und es l\u00f6st die Zellregeneration dort aus, wo es verabreicht wird; es stimuliert die Produktion von Kollagen und Elastin.<br \/>\nEs wird zur Behandlung von Falten, Hautunreinheiten und Aknenarben verwendet. \nDie PRP-Operation wird in 2-w\u00f6chigen Abst\u00e4nden durchgef\u00fchrt, meist in 3-4 Sitzungen. Da es die Haut dazu stimuliert, sich selbst zu erneuern, sehen wir die Ergebnisse der Behandlung am Ende der zweiten Sitzung<\/p>\n<p><img loading=\"lazy\" decoding=\"async\" class=\"alignnone wp-image-680\" src=\"http:\/\/mertsecer.com\/wp-content\/uploads\/2021\/01\/Ae5c-300x115.jpg\" alt=\"\" width=\"378\" height=\"145\" srcset=\"https:\/\/mertsecer.com\/wp-content\/uploads\/2021\/01\/Ae5c-300x115.jpg 300w, https:\/\/mertsecer.com\/wp-content\/uploads\/2021\/01\/Ae5c-768x295.jpg 768w, https:\/\/mertsecer.com\/wp-content\/uploads\/2021\/01\/Ae5c-705x271.jpg 705w, https:\/\/mertsecer.com\/wp-content\/uploads\/2021\/01\/Ae5c.jpg 800w\" sizes=\"auto, (max-width: 378px) 100vw, 378px\" \/><\/p>\n<\/div><\/section><\/p>\n<\/div><\/div>\n<\/div>\n<div id='av-layout-grid-2'  class='av-layout-grid-container entry-content-wrapper main_color av-flex-cells     avia-builder-el-11  el_after_av_layout_row  el_before_av_layout_row  submenu-not-first container_wrap fullsize' style=' '  >\n<div class=\"flex_cell no_margin av_one_half  avia-builder-el-12  el_before_av_cell_one_half  avia-builder-el-first   avia-full-stretch\"  style='height:400px; min-height:400px;background:url(https:\/\/mertsecer.com\/wp-content\/uploads\/2021\/01\/Ae4-300x300.jpg) center center no-repeat scroll; vertical-align:top; padding:30px; ' ><div class='flex_cell_inner' ><\/div><\/div><div class=\"flex_cell no_margin av_one_half  avia-builder-el-13  el_after_av_cell_one_half  avia-builder-el-last   avia-full-stretch\"  style='height:400px; min-height:400px;background:url(https:\/\/mertsecer.com\/wp-content\/uploads\/2021\/01\/Ae6-300x225.jpg) center center no-repeat scroll; vertical-align:top; padding:30px; ' ><div class='flex_cell_inner' ><\/div><\/div>\n<\/div>\n<div id='av-layout-grid-3'  class='av-layout-grid-container entry-content-wrapper main_color av-flex-cells     avia-builder-el-14  el_after_av_layout_row  avia-builder-el-last  submenu-not-first container_wrap fullsize' style=' '  >\n<div class=\"flex_cell no_margin av_one_half  avia-builder-el-15  el_before_av_cell_one_half  avia-builder-el-first\"  style='vertical-align:top; padding:40px; ' ><div class='flex_cell_inner' ><p><div  style='padding-bottom:10px; ' class='av-special-heading av-special-heading-h3  blockquote modern-quote modern-centered  avia-builder-el-16  el_before_av_textblock  avia-builder-el-first'><h3 class='av-special-heading-tag'  itemprop=\"headline\"  >HAUTF\u00dcLLER<\/h3><div class ='av-subheading av-subheading_below' style='font-size:15px;'><p>Gesichtsformung mit Dermal Filler<\/p>\n<\/div><div class='special-heading-border'><div class='special-heading-inner-border' ><\/div><\/div><\/div><br \/>\n<section class=\"av_textblock_section\"  itemscope=\"itemscope\" itemtype=\"https:\/\/schema.org\/CreativeWork\" ><div class='avia_textblock'   itemprop=\"text\" ><p>Eine der unabdingbaren Voraussetzungen f\u00fcr ein attraktives \u00c4u\u00dferes f\u00fcr Menschen jeden Alters ist heute die Ausgewogenheit der Strukturelemente des Gesichts.<br \/>\nDie Gesichtsz\u00fcge werden mit Wangenknochen-, Kiefer- und Kinnf\u00fcllern optimal korrigiert und vorhandene Asymmetrien werden korrigiert; Erschlafftes Hautgewebe, das sich im Laufe der Zeit gebildet hat, wird wiederhergestellt.<br \/>\nAll dies sollte nat\u00fcrlich von einem Spezialisten durchgef\u00fchrt werden, der \u00fcber Kenntnisse in der Gesichtsanatomie und Erfahrung mit Hautf\u00fcllern verf\u00fcgt.<br \/>\nF\u00fcr wen ist es geeignet?<br \/>\nBei geeigneten Patienten, die schnelle Ergebnisse w\u00fcnschen und keine Zeit f\u00fcr chirurgische Anwendungen verschwenden m\u00f6chten, kann mit Office-Anwendungen das gew\u00fcnschte Ergebnis erzielt werden und der Patient kann jederzeit in seinen Alltag zur\u00fcckkehren.<br \/>\nEingriffe unter Anwendung von Lokalan\u00e4sthesie durchgef\u00fchrt werden, sind die Schmerzen minimal oder fehlen.<br \/>\n<img loading=\"lazy\" decoding=\"async\" class=\"alignnone wp-image-697 aligncenter\" src=\"http:\/\/mertsecer.com\/wp-content\/uploads\/2021\/01\/ms_fv.png\" alt=\"\" width=\"10\" height=\"10\" \/><br \/>\n<strong>Lippenf\u00fcller<\/strong><br \/>\nEiner der auff\u00e4lligsten Teile des Gesichts sind zweifellos die Lippen. Eines der Gesichtselemente, das am st\u00e4rksten von genetischen Faktoren, \u00e4u\u00dferen Faktoren und dem Alterungsprozess beeinflusst wird, sind auch die Lippen.<br \/>\nF\u00fcllungsverfahren auf Hyalurons\u00e4urebasis sind die sichersten und am meisten bevorzugten Methoden, um die Lippenkontur zu definieren, ihren Abschnitt zu vergr\u00f6\u00dfern und die Lippenoberfl\u00e4che zu gl\u00e4tten, um ein junges und attraktives Aussehen zu erhalten.<br \/>\nDa Lokalan\u00e4sthetika verwendet werden, sind die Schmerzen minimal oder fehlen.<\/p>\n<p>Seine Dauerhaftigkeit variiert je nach Lebensstil des Patienten zwischen 12 und 18 Monaten, und die Dauerhaftigkeit nimmt mit sich wiederholenden Operationen zu.<\/p>\n<p><img loading=\"lazy\" decoding=\"async\" class=\"alignnone wp-image-697 aligncenter\" src=\"http:\/\/mertsecer.com\/wp-content\/uploads\/2021\/01\/ms_fv.png\" alt=\"\" width=\"10\" height=\"10\" \/><br \/>\n<strong>Unter Augenlichtf\u00fcller<\/strong><br \/>\nAugenringe ist einer der fr\u00fchesten und h\u00e4ufigsten Bereiche von Negativit\u00e4ten gesehen wird wie Bluterg\u00fcssen, Tr\u00e4nens\u00e4cken und Schlaffheit aufgrund von Sonne, \u00c4nderungen des Lebensstils, Alterung, Schlafst\u00f6rungen und Essgewohnheiten.<br \/>\nBeim Unteraugenlichtf\u00fcller werden auf Hyalurons\u00e4ure basierende F\u00fcllungen rund um die Augen aufgetragen, wodurch der m\u00fcde, depressive Ausdruck beseitigt und ein j\u00fcngeres, dynamisches und ausgeruhtes Aussehen erzielt wird.<br \/>\nDie Eingriffe werden unter Lokalan\u00e4sthesie mit Hilfe einer Kan\u00fcle oder Nadel durchgef\u00fchrt. Die Schmerzen sind minimal oder fehlen, und es ist m\u00f6glich, sofort nach dem Eingriff zum t\u00e4glichen Leben zur\u00fcckzukehren.<br \/>\nWie alle F\u00fcllungsverfahren sollte es von Experten in zuverl\u00e4ssigen Zentren mit sicheren F\u00fcllungsmaterialien durchgef\u00fchrt werden.<br \/>\n<img loading=\"lazy\" decoding=\"async\" class=\"size-full wp-image-718 aligncenter\" src=\"http:\/\/mertsecer.com\/wp-content\/uploads\/2021\/01\/seperator5.jpg\" alt=\"\" width=\"559\" height=\"15\" srcset=\"https:\/\/mertsecer.com\/wp-content\/uploads\/2021\/01\/seperator5.jpg 559w, https:\/\/mertsecer.com\/wp-content\/uploads\/2021\/01\/seperator5-300x8.jpg 300w\" sizes=\"auto, (max-width: 559px) 100vw, 559px\" \/><\/p>\n<\/div><\/section><\/p>\n<\/div><\/div><div class=\"flex_cell no_margin av_one_half  avia-builder-el-18  el_after_av_cell_one_half  avia-builder-el-last\"  style='vertical-align:top; padding:40px; background-color:#f7f7f7; ' ><div class='flex_cell_inner' ><p><div  style='padding-bottom:10px; ' class='av-special-heading av-special-heading-h3  blockquote modern-quote modern-centered  avia-builder-el-19  el_before_av_textblock  avia-builder-el-first'><h3 class='av-special-heading-tag'  itemprop=\"headline\"  >BOTOX<\/h3><div class ='av-subheading av-subheading_below' style='font-size:15px;'><p>(BOTULINUM-TOXIN-ANWENDUNGEN)<\/p>\n<\/div><div class='special-heading-border'><div class='special-heading-inner-border' ><\/div><\/div><\/div><br \/>\n<section class=\"av_textblock_section\"  itemscope=\"itemscope\" itemtype=\"https:\/\/schema.org\/CreativeWork\" ><div class='avia_textblock'   itemprop=\"text\" ><p>Botulinum Toxin ist ein Neurotoxin, das vor\u00fcbergehend die Verbindungen zwischen Ihrer mimischen Muskulatur und den Nerven, die zu diesen Muskeln f\u00fchren, blockiert. Es ist eine der Anti-Aging-Anwendungen, die von Tag zu Tag beliebter und verbreiteter wird.<br \/>\nVon Experten durchgef\u00fchrte Botox-Injektionen verhindern nur die Faltenbildung, ohne die mimische Muskulatur komplett einzufrieren. Es verhilft Ihnen zu einem j\u00fcngeren, dynamischen und ausgeruhten Ausdruck ohne das Auftreten einer Maske.<br \/>\nDie Wirkung der Anwendung f\u00e4ngt nach 24 Stunden an und die volle Wirkung wird innerhalb von 7-14 Tagen erreicht. Es wird nicht empfohlen, 3-4 Tage nach der Anwendung schweren Sport zu treiben, sehr hei\u00dfe Umgebungen wie Sauna oder Spa zu betreten und Alkohol zu konsumieren.<\/p>\n<p>...<br \/>\nDie Dauer des Verfahrens variiert zwischen 4-6 Monaten.<br \/>\nNeben seiner Anti-Aging-Wirkung hat Botox seinen Platz bei der Behandlung von \u00fcberm\u00e4\u00dfigem Schwitzen in den H\u00e4nden und Achseln (Hyperhidrose), bei der Behandlung von Z\u00e4hneknirschen (Bruxismus) und Migr\u00e4ne.<br \/>\nBotox sollte in jedem Anwendungsbereich von Experten, unter sterilen Bedingungen und mit der richtigen Technik angewendet werden.<\/p>\n<p><img loading=\"lazy\" decoding=\"async\" class=\"alignnone wp-image-529\" src=\"http:\/\/mertsecer.com\/wp-content\/uploads\/2021\/01\/Ae7-845x684.jpg\" alt=\"\" width=\"574\" height=\"465\" srcset=\"https:\/\/mertsecer.com\/wp-content\/uploads\/2021\/01\/Ae7-845x684.jpg 845w, https:\/\/mertsecer.com\/wp-content\/uploads\/2021\/01\/Ae7-495x400.jpg 495w\" sizes=\"auto, (max-width: 574px) 100vw, 574px\" \/><\/p>\n<\/div><\/section><\/p>\n<\/div><\/div><\/div>","protected":false},"excerpt":{"rendered":"","protected":false},"author":1,"featured_media":0,"parent":0,"menu_order":0,"comment_status":"closed","ping_status":"closed","template":"","meta":{"footnotes":""},"class_list":["post-456","page","type-page","status-publish","hentry"],"_links":{"self":[{"href":"https:\/\/mertsecer.com\/de\/wp-json\/wp\/v2\/pages\/456","targetHints":{"allow":["GET"]}}],"collection":[{"href":"https:\/\/mertsecer.com\/de\/wp-json\/wp\/v2\/pages"}],"about":[{"href":"https:\/\/mertsecer.com\/de\/wp-json\/wp\/v2\/types\/page"}],"author":[{"embeddable":true,"href":"https:\/\/mertsecer.com\/de\/wp-json\/wp\/v2\/users\/1"}],"replies":[{"embeddable":true,"href":"https:\/\/mertsecer.com\/de\/wp-json\/wp\/v2\/comments?post=456"}],"version-history":[{"count":38,"href":"https:\/\/mertsecer.com\/de\/wp-json\/wp\/v2\/pages\/456\/revisions"}],"predecessor-version":[{"id":719,"href":"https:\/\/mertsecer.com\/de\/wp-json\/wp\/v2\/pages\/456\/revisions\/719"}],"wp:attachment":[{"href":"https:\/\/mertsecer.com\/de\/wp-json\/wp\/v2\/media?parent=456"}],"curies":[{"name":"wp","href":"https:\/\/api.w.org\/{rel}","templated":true}]}}