{"id":458,"date":"2021-01-03T01:15:23","date_gmt":"2021-01-02T22:15:23","guid":{"rendered":"http:\/\/mertsecer.com\/?page_id=458"},"modified":"2021-01-18T00:25:15","modified_gmt":"2021-01-17T21:25:15","slug":"meme-estetigi","status":"publish","type":"page","link":"https:\/\/mertsecer.com\/de\/meme-estetigi\/","title":{"rendered":"Brust\u00e4sthetik"},"content":{"rendered":"<div id='full_slider_1'  class='avia-fullwidth-slider main_color avia-shadow   avia-builder-el-0  el_before_av_image  avia-builder-el-first   container_wrap fullsize' style=' '  ><div   data-size='featured_large'  data-lightbox_size='large'  data-animation='fade'  data-conditional_play=''  data-ids='558,553'  data-video_counter='0'  data-autoplay='false'  data-bg_slider='false'  data-slide_height=''  data-handle='av_slideshow_full'  data-interval='5'  data-class=' '  data-el_id=''  data-css_id=''  data-scroll_down=''  data-control_layout='av-control-minimal'  data-custom_markup=''  data-perma_caption=''  data-autoplay_stopper=''  data-image_attachment=''  data-min_height='0px'  data-lazy_loading='disabled'  data-src=''  data-position='top left'  data-repeat='no-repeat'  data-attach='scroll'  data-stretch=''  data-default-height='42'  class='avia-slideshow avia-slideshow-1  av-control-minimal av-default-height-applied avia-slideshow-featured_large av_slideshow_full   avia-fade-slider'  itemprop=\"image\" itemscope=\"itemscope\" itemtype=\"https:\/\/schema.org\/ImageObject\" ><ul class='avia-slideshow-inner' style='padding-bottom: 42%;' ><li  class='slide-1' ><div data-rel='slideshow-1' class='avia-slide-wrap'   ><div class = \"caption_fullwidth av-slideshow-caption caption_bottom\"><div class = \"container caption_container\"><div class = \"slideshow_caption\"><div class = \"slideshow_inner_caption\"><div class = \"slideshow_align_caption\"><h2  class='avia-caption-title'  itemprop=\"name\" >Brust\u00e4sthetik<\/h2><\/div><\/div><\/div><\/div><\/div><img decoding=\"async\" class=\"wp-image-558 avia-img-lazy-loading-not-558\"  src=\"https:\/\/mertsecer.com\/wp-content\/uploads\/2021\/01\/MEME_EST7-1-1500x630.jpg\" width=\"1500\" height=\"630\" title='MEME_EST7' alt=''  itemprop=\"thumbnailUrl\"   \/><\/div><\/li><li  class='slide-2' ><div data-rel='slideshow-1' class='avia-slide-wrap'   ><div class = \"caption_fullwidth av-slideshow-caption caption_bottom\"><div class = \"container caption_container\"><div class = \"slideshow_caption\"><div class = \"slideshow_inner_caption\"><div class = \"slideshow_align_caption\"><h2  class='avia-caption-title'  itemprop=\"name\" >Brust\u00e4sthetik<\/h2><\/div><\/div><\/div><\/div><\/div><img decoding=\"async\" class=\"wp-image-553 avia-img-lazy-loading-not-553\"  src=\"https:\/\/mertsecer.com\/wp-content\/uploads\/2021\/01\/MEME_EST2-1-1500x630.jpg\" width=\"1500\" height=\"630\" title='MEME_EST2' alt=''  itemprop=\"thumbnailUrl\"   \/><\/div><\/li><\/ul><div class='avia-slideshow-arrows avia-slideshow-controls'><a href='#prev' class='prev-slide' aria-hidden='true' data-av_icon='\ue87c' data-av_iconfont='entypo-fontello'>Zur\u00fcck<\/a><a href='#next' class='next-slide' aria-hidden='true' data-av_icon='\ue87d' data-av_iconfont='entypo-fontello'>Weiter<\/a><\/div><div class='avia-slideshow-dots avia-slideshow-controls'><a href='#1' class='goto-slide active' >1<\/a><a href='#2' class='goto-slide' >2<\/a><\/div><\/div><\/div><div id='after_full_slider_1'  class='main_color av_default_container_wrap container_wrap fullsize' style=' '  ><div class='container' ><div class='template-page content  av-content-full alpha units'><div class='post-entry post-entry-type-page post-entry-458'><div class='entry-content-wrapper clearfix'>\n<div  class='avia-image-container  av-styling-    avia-builder-el-1  el_after_av_slideshow_full  el_before_av_layout_row  avia-builder-el-no-sibling  avia-align-center'  itemprop=\"image\" itemscope=\"itemscope\" itemtype=\"https:\/\/schema.org\/ImageObject\"  ><div class='avia-image-container-inner'><div class='avia-image-overlay-wrap'><img decoding=\"async\" class='wp-image-718 avia-img-lazy-loading-not-718 avia_image' src=\"https:\/\/mertsecer.com\/wp-content\/uploads\/2021\/01\/seperator5.jpg\" alt='' title='seperator5' height=\"15\" width=\"559\"  itemprop=\"thumbnailUrl\" srcset=\"https:\/\/mertsecer.com\/wp-content\/uploads\/2021\/01\/seperator5.jpg 559w, https:\/\/mertsecer.com\/wp-content\/uploads\/2021\/01\/seperator5-300x8.jpg 300w\" sizes=\"(max-width: 559px) 100vw, 559px\" \/><\/div><\/div><\/div>\n<\/div><\/div><\/div><!-- close content main div --><\/div><\/div><div id='av-layout-grid-1'  class='av-layout-grid-container entry-content-wrapper main_color av-flex-cells     avia-builder-el-2  el_after_av_image  el_before_av_layout_row  submenu-not-first container_wrap fullsize' style=' '  >\n<div class=\"flex_cell no_margin av_one_half  avia-builder-el-3  el_before_av_cell_one_half  avia-builder-el-first   avia-full-stretch\"  style='height:400px; min-height:400px;background:url(https:\/\/mertsecer.com\/wp-content\/uploads\/2021\/01\/MEME_EST6-1-300x166.jpg) center center no-repeat scroll; vertical-align:top; padding:30px; ' ><div class='flex_cell_inner' ><\/div><\/div><div class=\"flex_cell no_margin av_one_half  avia-builder-el-4  el_after_av_cell_one_half  avia-builder-el-last   avia-full-stretch\"  style='height:400px; min-height:400px;background:url(https:\/\/mertsecer.com\/wp-content\/uploads\/2021\/01\/MEME_EST4-300x198.jpg) center center no-repeat scroll; vertical-align:top; padding:30px; ' ><div class='flex_cell_inner' ><\/div><\/div>\n<\/div>\n<div id='av-layout-grid-2'  class='av-layout-grid-container entry-content-wrapper main_color av-flex-cells     avia-builder-el-5  el_after_av_layout_row  el_before_av_image  submenu-not-first container_wrap fullsize' style=' '  >\n<div class=\"flex_cell no_margin av_one_half  avia-builder-el-6  el_before_av_cell_one_half  avia-builder-el-first\"  style='vertical-align:top; padding:40px; ' ><div class='flex_cell_inner' ><p><div  style='padding-bottom:10px; ' class='av-special-heading av-special-heading-h3  blockquote modern-quote modern-centered  avia-builder-el-7  el_before_av_textblock  avia-builder-el-first'><h3 class='av-special-heading-tag'  itemprop=\"headline\"  >Gyn\u00e4komastie<\/h3><div class='special-heading-border'><div class='special-heading-inner-border' ><\/div><\/div><\/div><br \/>\n<section class=\"av_textblock_section\"  itemscope=\"itemscope\" itemtype=\"https:\/\/schema.org\/CreativeWork\" ><div class='avia_textblock'   itemprop=\"text\" ><p>F\u00fcr M\u00e4nner, denen ihr \u00e4u\u00dferes Erscheinungsbild wichtig ist, ist das maskuline Erscheinungsbild der Brustpartie wichtig. Viele M\u00e4nner haben aufgrund ihrer \u00fcberdurchschnittlich gro\u00dfen Br\u00fcste erhebliche psychische Probleme.<br \/>\n<strong><img loading=\"lazy\" decoding=\"async\" class=\"alignnone wp-image-697 aligncenter\" src=\"http:\/\/mertsecer.com\/wp-content\/uploads\/2021\/01\/ms_fv.png\" alt=\"\" width=\"10\" height=\"10\" \/>Was ist Gyn\u00e4komastie?<\/strong><br \/>\nGyn\u00e4komastie wird in der medizinischen Sprache als \u00fcberm\u00e4\u00dfiges Wachstum der Br\u00fcste bei M\u00e4nnern im Vergleich zu normal bezeichnet, wodurch die Br\u00fcste weiblich aussehen. Kurz gesagt, Gyn\u00e4komastie ist ein abnormales Wachstum in der m\u00e4nnlichen Brust. Dieses im Jugendalter h\u00e4ufig anzutreffende Problem kann mit entsprechenden Behandlungsans\u00e4tzen gel\u00f6st werden.<\/p>\n<p><strong><img loading=\"lazy\" decoding=\"async\" class=\"alignnone wp-image-697 aligncenter\" src=\"http:\/\/mertsecer.com\/wp-content\/uploads\/2021\/01\/ms_fv.png\" alt=\"\" width=\"10\" height=\"10\" \/>Warum passiert das?<\/strong><br \/>\nDas Brustgewebe beginnt unter dem Einfluss einiger genetisch bestimmter Hormone und biologischer Faktoren zu wachsen. Die biologische Kontrolle des Brustgewebes wird durch Hormone wie \u00d6strogen und Progesteron gesteuert. M\u00e4nnliche Hormone hemmen die Wachstumswirkung von \u00d6strogen auf das Brustgewebe. Der Grund, warum Br\u00fcste bei M\u00e4nnern gro\u00df oder normal sind, ist das Gleichgewicht zwischen diesen Hormonen.<\/p>\n<p><strong><img loading=\"lazy\" decoding=\"async\" class=\"alignnone wp-image-697 aligncenter\" src=\"http:\/\/mertsecer.com\/wp-content\/uploads\/2021\/01\/ms_fv.png\" alt=\"\" width=\"10\" height=\"10\" \/>Was ist die Behandlung f\u00fcr Gyn\u00e4komastie?<\/strong><br \/>\nGyn\u00e4komastie wird im Allgemeinen nicht aus gesundheitlichen Gr\u00fcnden behandelt, sondern wegen der Beschwerden der Menschen mit ihrem Aussehen. Chirurgische Eingriffe und Fettabsaugungsmethoden werden h\u00e4ufig bei der Behandlung von Gyn\u00e4komastie eingesetzt.<br \/>\nWarum ist vor der Behandlung eine klinische Untersuchung erforderlich?<br \/>\nVor der Behandlung der Gyn\u00e4komastie ist eine klinische Untersuchung unerl\u00e4sslich. Mit einer bequemen Bewertung werden Art und Stadium der Gyn\u00e4komastie abgekl\u00e4rt; es wird auch untersucht, ob ein zugrunde liegendes Problem vorliegt. Nach der Bewertung wird das beste und \u00e4sthetischste Erscheinungsbild f\u00fcr den Patienten angeboten.<\/p>\n<\/div><\/section><\/p>\n<\/div><\/div><div class=\"flex_cell no_margin av_one_half  avia-builder-el-9  el_after_av_cell_one_half  avia-builder-el-last\"  style='vertical-align:top; padding:40px; background-color:#f7f7f7; ' ><div class='flex_cell_inner' ><p><div  style='padding-bottom:10px; ' class='av-special-heading av-special-heading-h3  blockquote modern-quote modern-centered  avia-builder-el-10  el_before_av_textblock  avia-builder-el-first'><h3 class='av-special-heading-tag'  itemprop=\"headline\"  >Bruststraffung<\/h3><div class='special-heading-border'><div class='special-heading-inner-border' ><\/div><\/div><\/div><br \/>\n<section class=\"av_textblock_section\"  itemscope=\"itemscope\" itemtype=\"https:\/\/schema.org\/CreativeWork\" ><div class='avia_textblock'   itemprop=\"text\" ><p>Die Bruststraffung ist eine \u00e4sthetische Anwendung, die das Selbstbewusstsein vieler Frauen st\u00e4rkt.<br \/>\nDurch die Schwerkraft, h\u00e4ufige Abnehmen und Zunehmen, Stillen und Elastizit\u00e4tsverlust der Haut kann es zu einem H\u00e4ngebr\u00fcste kommen. Dar\u00fcber hinaus f\u00fchren Alterung und Schwangerschaft dazu, dass die Haut reichlich wird und daher ein Erschlaffen der Brust auftritt. Mit der Zeit verlieren die Br\u00fcste an Festigkeit und Form. Obwohl selten, kann ein H\u00e4ngen der Brust bei jungen M\u00e4dchen aufgrund genetischer Faktoren beobachtet werden. H\u00e4ngende Br\u00fcste werden angehoben, indem ihre Konturen mit einer Bruststraffungsoperation (Mastopexie) verj\u00fcngt werden.<\/p>\n<p><strong><img loading=\"lazy\" decoding=\"async\" class=\"alignnone wp-image-697 aligncenter\" src=\"http:\/\/mertsecer.com\/wp-content\/uploads\/2021\/01\/ms_fv.png\" alt=\"\" width=\"10\" height=\"10\" \/>Wie wird es gemacht?<\/strong><br \/>\nMit einer einfachen Operation, der sogenannten Mastopexie, die sogar unter Lokalan\u00e4sthesie durchgef\u00fchrt werden kann, k\u00f6nnen die Br\u00fcste ihre fr\u00fchere Festigkeit und F\u00fclle wiedererlangen. Eine Bruststraffung ist eine risikofreie und einfache Operation, die von einem plastischen Chirurgen durchgef\u00fchrt werden kann und je nach Gr\u00f6\u00dfe der Anwendung dauert es durchschnittlich 1-3 Stunden. Die Art des durchzuf\u00fchrenden Verfahrens ist von Patienten zu Patienten unterschiedlich.<br \/>\n<strong><img loading=\"lazy\" decoding=\"async\" class=\"alignnone wp-image-697 aligncenter\" src=\"http:\/\/mertsecer.com\/wp-content\/uploads\/2021\/01\/ms_fv.png\" alt=\"\" width=\"10\" height=\"10\" \/>Was ist nach der Operation zu beachten?<\/strong><br \/>\nEs gibt keinen wichtigen Punkt, auf den der Patient nach der Operation besonders achten sollte. Die Patientin kann am n\u00e4chsten Tag direkt nach der Operation an seine Arbeit zur\u00fcckkehren. Nach der Operation treten keine ernsthaften Schmerzen auf.<br \/>\n<img loading=\"lazy\" decoding=\"async\" class=\"alignnone wp-image-697 aligncenter\" src=\"http:\/\/mertsecer.com\/wp-content\/uploads\/2021\/01\/ms_fv.png\" alt=\"\" width=\"10\" height=\"10\" \/><br \/>\n<strong>Warum ist eine fach\u00e4rztliche Untersuchung f\u00fcr eine Bruststraffungsoperation unerl\u00e4sslich?<br \/>\n<\/strong>Da es sich bei der Bruststraffung um einen chirurgischen Eingriff handelt, sollte sie von einem Facharzt durchgef\u00fchrt werden. Ob Masse im Brustgewebe vorher vorhanden sind, kann nur durch eine \u00e4rztliche Untersuchung und einige Tests festgestellt werden. Vor der Operation muss das Brustgewebe gesund sein. Nach der Untersuchung werden dem Patienten die am besten geeigneten und \u00e4sthetisch vorteilhaftesten L\u00f6sungen angeboten.<\/p>\n<\/div><\/section><\/p>\n<\/div><\/div><\/div><div id='after_submenu_2'  class='main_color av_default_container_wrap container_wrap fullsize' style=' '  ><div class='container' ><div class='template-page content  av-content-full alpha units'><div class='post-entry post-entry-type-page post-entry-458'><div class='entry-content-wrapper clearfix'><div  class='avia-image-container  av-styling-    avia-builder-el-12  el_after_av_layout_row  el_before_av_hr  avia-builder-el-first  avia-align-center'  itemprop=\"image\" itemscope=\"itemscope\" itemtype=\"https:\/\/schema.org\/ImageObject\"  ><div class='avia-image-container-inner'><div class='avia-image-overlay-wrap'><img decoding=\"async\" class='wp-image-718 avia-img-lazy-loading-not-718 avia_image' src=\"https:\/\/mertsecer.com\/wp-content\/uploads\/2021\/01\/seperator5.jpg\" alt='' title='seperator5' height=\"15\" width=\"559\"  itemprop=\"thumbnailUrl\" srcset=\"https:\/\/mertsecer.com\/wp-content\/uploads\/2021\/01\/seperator5.jpg 559w, https:\/\/mertsecer.com\/wp-content\/uploads\/2021\/01\/seperator5-300x8.jpg 300w\" sizes=\"(max-width: 559px) 100vw, 559px\" \/><\/div><\/div><\/div><\/p>\n<div   class='hr hr-default   avia-builder-el-13  el_after_av_image  el_before_av_layout_row  avia-builder-el-last'><span class='hr-inner' ><span class='hr-inner-style'><\/span><\/span><\/div>\n<\/div><\/div><\/div><!-- close content main div --><\/div><\/div><div id='av-layout-grid-3'  class='av-layout-grid-container entry-content-wrapper main_color av-flex-cells     avia-builder-el-14  el_after_av_hr  el_before_av_layout_row  submenu-not-first container_wrap fullsize' style=' '  >\n<div class=\"flex_cell no_margin av_one_half  avia-builder-el-15  el_before_av_cell_one_half  avia-builder-el-first   avia-full-stretch\"  style='height:400px; min-height:400px;background:url(https:\/\/mertsecer.com\/wp-content\/uploads\/2021\/01\/MEME_EST3-1-300x165.jpg) center center no-repeat scroll; vertical-align:top; padding:30px; ' ><div class='flex_cell_inner' ><\/div><\/div><div class=\"flex_cell no_margin av_one_half  avia-builder-el-16  el_after_av_cell_one_half  avia-builder-el-last   avia-full-stretch\"  style='height:400px; min-height:400px;background:url(https:\/\/mertsecer.com\/wp-content\/uploads\/2021\/01\/MEME_EST5-1-245x300.jpg) center center no-repeat scroll; vertical-align:top; padding:30px; ' ><div class='flex_cell_inner' ><\/div><\/div>\n<\/div>\n<div id='av-layout-grid-4'  class='av-layout-grid-container entry-content-wrapper main_color av-flex-cells     avia-builder-el-17  el_after_av_layout_row  avia-builder-el-last  submenu-not-first container_wrap fullsize' style=' '  >\n<div class=\"flex_cell no_margin av_one_half  avia-builder-el-18  el_before_av_cell_one_half  avia-builder-el-first\"  style='vertical-align:top; padding:40px; ' ><div class='flex_cell_inner' ><p><div  style='padding-bottom:10px; ' class='av-special-heading av-special-heading-h3  blockquote modern-quote modern-centered  avia-builder-el-19  el_before_av_textblock  avia-builder-el-first'><h3 class='av-special-heading-tag'  itemprop=\"headline\"  >Brustvergr\u00f6\u00dferung<\/h3><div class='special-heading-border'><div class='special-heading-inner-border' ><\/div><\/div><\/div><br \/>\n<section class=\"av_textblock_section\"  itemscope=\"itemscope\" itemtype=\"https:\/\/schema.org\/CreativeWork\" ><div class='avia_textblock'   itemprop=\"text\" ><p>Wer nach abgeschlossener Entwicklung mit seiner Brustgr\u00f6\u00dfe nicht zufrieden ist, kann sich einer Brustvergr\u00f6\u00dferung mit Prothesen unterziehen. Mit dieser Operation k\u00f6nnen Brustasymmetrien und Deformit\u00e4ten gleichzeitig behandelt werden. Die Planung und Vermessung erfolgen nach den W\u00fcnschen unserer Patienten und der eigenen K\u00f6rperform. Unser Ziel ist es, eine Brust zu schaffen, die nat\u00fcrlich aussieht und sich nat\u00fcrlich anf\u00fchlt.<br \/>\nDie Brustvergr\u00f6\u00dferung ist ein Eingriff, der etwa 45 Minuten dauert und unter Vollnarkose durchgef\u00fchrt wird. Je nach K\u00f6rperbau unserer Patientin wird die Brustprothese subfaszial (unter der Muskelfaszie) oder submuskul\u00e4r platziert. Nach der Untersuchung wird eine Prothese an der anatomischen Falte unter der Brust oder an der Brustwarze platziert. In der ersten Woche werden die N\u00e4hte entfernt. Sport-B\u00fcstenhalter sollten etwa 6 Wochen nach der Operation getragen werden. In der Regel k\u00f6nnen unsere Patienten nach dem 5. Tag in ihr normales Leben zur\u00fcckkehren, aber wir empfehlen keinen Sport f\u00fcr etwa 1 Monat.<\/p>\n<p><img loading=\"lazy\" decoding=\"async\" class=\"alignnone wp-image-697 aligncenter\" src=\"http:\/\/mertsecer.com\/wp-content\/uploads\/2021\/01\/ms_fv.png\" alt=\"\" width=\"10\" height=\"10\" \/><br \/>\n<img loading=\"lazy\" decoding=\"async\" class=\"alignnone size-full wp-image-690\" src=\"http:\/\/mertsecer.com\/wp-content\/uploads\/2021\/01\/MEME_EST4b.jpg\" alt=\"\" width=\"729\" height=\"319\" srcset=\"https:\/\/mertsecer.com\/wp-content\/uploads\/2021\/01\/MEME_EST4b.jpg 729w, https:\/\/mertsecer.com\/wp-content\/uploads\/2021\/01\/MEME_EST4b-300x131.jpg 300w, https:\/\/mertsecer.com\/wp-content\/uploads\/2021\/01\/MEME_EST4b-705x308.jpg 705w\" sizes=\"auto, (max-width: 729px) 100vw, 729px\" \/><\/p>\n<\/div><\/section><\/p>\n<\/div><\/div><div class=\"flex_cell no_margin av_one_half  avia-builder-el-21  el_after_av_cell_one_half  avia-builder-el-last\"  style='vertical-align:top; padding:40px; background-color:#f7f7f7; ' ><div class='flex_cell_inner' ><p><div  style='padding-bottom:10px; ' class='av-special-heading av-special-heading-h3  blockquote modern-quote modern-centered  avia-builder-el-22  el_before_av_textblock  avia-builder-el-first'><h3 class='av-special-heading-tag'  itemprop=\"headline\"  >Brustverkleinerung<\/h3><div class='special-heading-border'><div class='special-heading-inner-border' ><\/div><\/div><\/div><br \/>\n<section class=\"av_textblock_section\"  itemscope=\"itemscope\" itemtype=\"https:\/\/schema.org\/CreativeWork\" ><div class='avia_textblock'   itemprop=\"text\" ><p>Das Brustgewebe kann aus genetischen Gr\u00fcnden, Gewichtszunahme oder Hormonerg\u00e4nzung st\u00e4rker wachsen als es sollte. Gr\u00f6\u00dfere Br\u00fcste als normal k\u00f6nnen einige gesundheitliche Probleme verursachen. In solchen F\u00e4llen werden mit einer Brustverkleinerungsoperation gute Ergebnisse erzielt.<\/p>\n<p><strong>Was behandelt eine Brustverkleinerung?<br \/>\n<\/strong> Bei Frauen k\u00f6nnen gro\u00dfe Br\u00fcste Probleme wie R\u00fcckenschmerzen, Nackenschmerzen und Buckel verursachen. Andauernde Schmerzen beeintr\u00e4chtigen die Gesundheit und Lebensqualit\u00e4t einer Person. In solchen F\u00e4llen ist die Brustverkleinerung die beste Option. Es ist jedoch unerl\u00e4sslich, dass Sie sich von einem plastischen Chirurgen untersuchen lassen, um Ihren aktuellen und zuk\u00fcnftigen Status zu erfahren.<\/p>\n<p><img loading=\"lazy\" decoding=\"async\" class=\"alignnone wp-image-697 aligncenter\" src=\"http:\/\/mertsecer.com\/wp-content\/uploads\/2021\/01\/ms_fv.png\" alt=\"\" width=\"10\" height=\"10\" \/> <strong>Wie ist der Ablauf einer Brustverkleinerung?<\/strong><br \/>\nVor der Operation ist eine ausf\u00fchrliche Untersuchung erforderlich. Ziel der Brustverkleinerung ist es, die Schmerzen der Patientin zu lindern und die Brust auf normale Gr\u00f6\u00dfe zu bringen. Vor der Operation entscheiden der plastische Chirurg und die Patientin gemeinsam, wie viel Brustgewebe entnommen wird. Die Operation wird unter Vollnarkose durchgef\u00fchrt und dauert ungef\u00e4hr 2 Stunden. \u00dcbersch\u00fcssiges Gewebe wird entfernt und die Brust wird neu geformt.<\/p>\n<p><img loading=\"lazy\" decoding=\"async\" class=\"alignnone wp-image-697 aligncenter\" src=\"http:\/\/mertsecer.com\/wp-content\/uploads\/2021\/01\/ms_fv.png\" alt=\"\" width=\"10\" height=\"10\" \/> <strong>Was ist nach einer Brustverkleinerung zu beachten?<\/strong><br \/>\nDer Patient sollte sich nach der Operation eine Woche lang ausruhen. Schwere Arbeit sollte im ersten Monat vermieden werden. Legen Sie sich nicht mit dem Gesicht nach unten hin. Wir empfehlen, auf dem R\u00fccken zu schlafen. N\u00e4hte werden nach 10 Tagen entfernt. 2 Tage nach der Operation k\u00f6nnen Sie duschen. Eine Brustverkleinerungsoperation kann zusammen mit der Straffungsoperation durchgef\u00fchrt werden, wenn die Brust erschlafft ist.<\/p>\n<\/div><\/section><\/p>\n<\/div><\/div>\n<\/div>","protected":false},"excerpt":{"rendered":"","protected":false},"author":1,"featured_media":0,"parent":0,"menu_order":0,"comment_status":"closed","ping_status":"closed","template":"","meta":{"footnotes":""},"class_list":["post-458","page","type-page","status-publish","hentry"],"_links":{"self":[{"href":"https:\/\/mertsecer.com\/de\/wp-json\/wp\/v2\/pages\/458","targetHints":{"allow":["GET"]}}],"collection":[{"href":"https:\/\/mertsecer.com\/de\/wp-json\/wp\/v2\/pages"}],"about":[{"href":"https:\/\/mertsecer.com\/de\/wp-json\/wp\/v2\/types\/page"}],"author":[{"embeddable":true,"href":"https:\/\/mertsecer.com\/de\/wp-json\/wp\/v2\/users\/1"}],"replies":[{"embeddable":true,"href":"https:\/\/mertsecer.com\/de\/wp-json\/wp\/v2\/comments?post=458"}],"version-history":[{"count":21,"href":"https:\/\/mertsecer.com\/de\/wp-json\/wp\/v2\/pages\/458\/revisions"}],"predecessor-version":[{"id":746,"href":"https:\/\/mertsecer.com\/de\/wp-json\/wp\/v2\/pages\/458\/revisions\/746"}],"wp:attachment":[{"href":"https:\/\/mertsecer.com\/de\/wp-json\/wp\/v2\/media?parent=458"}],"curies":[{"name":"wp","href":"https:\/\/api.w.org\/{rel}","templated":true}]}}