{"id":472,"date":"2021-01-03T01:21:13","date_gmt":"2021-01-02T22:21:13","guid":{"rendered":"http:\/\/mertsecer.com\/?page_id=472"},"modified":"2021-01-17T14:05:45","modified_gmt":"2021-01-17T11:05:45","slug":"boyun-estetigi","status":"publish","type":"page","link":"https:\/\/mertsecer.com\/de\/vucut-operasyonlari\/boyun-estetigi\/","title":{"rendered":"Hals\u00e4sthetik"},"content":{"rendered":"<div id='full_slider_1'  class='avia-fullwidth-slider main_color avia-shadow   avia-builder-el-0  el_before_av_layout_row  avia-builder-el-first   container_wrap fullsize' style=' '  ><div   data-size='featured_large'  data-lightbox_size='large'  data-animation='fade'  data-conditional_play=''  data-ids='539'  data-video_counter='0'  data-autoplay='false'  data-bg_slider='false'  data-slide_height=''  data-handle='av_slideshow_full'  data-interval='5'  data-class=' '  data-el_id=''  data-css_id=''  data-scroll_down=''  data-control_layout='av-control-minimal'  data-custom_markup=''  data-perma_caption=''  data-autoplay_stopper=''  data-image_attachment=''  data-min_height='0px'  data-lazy_loading='disabled'  data-src=''  data-position='top left'  data-repeat='no-repeat'  data-attach='scroll'  data-stretch=''  data-default-height='42'  class='avia-slideshow avia-slideshow-1  av-control-minimal av-default-height-applied avia-slideshow-featured_large av_slideshow_full   avia-fade-slider'  itemprop=\"image\" itemscope=\"itemscope\" itemtype=\"https:\/\/schema.org\/ImageObject\" ><ul class='avia-slideshow-inner' style='padding-bottom: 42%;' ><li  class='av-single-slide slide-1' ><div data-rel='slideshow-1' class='avia-slide-wrap'   ><div class = \"caption_fullwidth av-slideshow-caption caption_bottom\"><div class = \"container caption_container\"><div class = \"slideshow_caption\"><div class = \"slideshow_inner_caption\"><div class = \"slideshow_align_caption\"><h2  class='avia-caption-title'  itemprop=\"name\" >Hals\u00e4sthetik<\/h2><\/div><\/div><\/div><\/div><\/div><img decoding=\"async\" class=\"wp-image-539 avia-img-lazy-loading-not-539\"  src=\"https:\/\/mertsecer.com\/wp-content\/uploads\/2021\/01\/BOYUN_EST1-1500x630.jpg\" width=\"1500\" height=\"630\" title='BOYUN_EST1' alt=''  itemprop=\"thumbnailUrl\"   \/><\/div><\/li><\/ul><\/div><\/div>\n<div id='av-layout-grid-1'  class='av-layout-grid-container entry-content-wrapper main_color av-flex-cells     avia-builder-el-1  el_after_av_slideshow_full  avia-builder-el-last  submenu-not-first container_wrap fullsize' style=' '  >\n<div class=\"flex_cell no_margin av_one_third  avia-builder-el-2  el_before_av_cell_one_third  avia-builder-el-first\"  style='vertical-align:top; padding:30px; ' ><div class='flex_cell_inner' ><p><div  style='padding-bottom:10px; ' class='av-special-heading av-special-heading-h3  blockquote modern-quote modern-centered  avia-builder-el-3  el_before_av_textblock  avia-builder-el-first'><h3 class='av-special-heading-tag'  itemprop=\"headline\"  >Hals\u00e4sthetik<\/h3><div class='special-heading-border'><div class='special-heading-inner-border' ><\/div><\/div><\/div><br \/>\n<section class=\"av_textblock_section\"  itemscope=\"itemscope\" itemtype=\"https:\/\/schema.org\/CreativeWork\" ><div class='avia_textblock'   itemprop=\"text\" ><p>Der Hals ist das wichtigste Gebiet, das zur Sch\u00f6nheit des Gesichts beitr\u00e4gt und die Sch\u00f6nheit des Gesichts offenbart. Ein straffer Hals mit einer gesunden Hautstruktur sorgt f\u00fcr ein j\u00fcngeres und attraktiveres Aussehen.<br \/>\n<img loading=\"lazy\" decoding=\"async\" class=\"alignnone size-full wp-image-722\" src=\"http:\/\/mertsecer.com\/wp-content\/uploads\/2021\/01\/boyun2.jpg\" alt=\"\" width=\"1000\" height=\"336\" srcset=\"https:\/\/mertsecer.com\/wp-content\/uploads\/2021\/01\/boyun2.jpg 1000w, https:\/\/mertsecer.com\/wp-content\/uploads\/2021\/01\/boyun2-300x101.jpg 300w, https:\/\/mertsecer.com\/wp-content\/uploads\/2021\/01\/boyun2-768x258.jpg 768w, https:\/\/mertsecer.com\/wp-content\/uploads\/2021\/01\/boyun2-705x237.jpg 705w\" sizes=\"auto, (max-width: 1000px) 100vw, 1000px\" \/><br \/>\nDie Menschen m\u00f6chten ein gl\u00fccklicheres Leben f\u00fchren, indem sie die Lockerung und das Absacken im Nackenbereich behandeln, um j\u00fcnger auszusehen. Die Hals\u00e4sthetik macht es m\u00f6glich, j\u00fcnger und ges\u00fcnder auszusehen.<\/p>\n<\/div><\/section><\/p>\n<\/div><\/div><div class=\"flex_cell no_margin av_one_third  avia-builder-el-5  el_after_av_cell_one_third  el_before_av_cell_one_third\"  style='vertical-align:top; padding:30px; background-color:#f7f7f7; ' ><div class='flex_cell_inner' ><p><div  style='padding-bottom:10px; ' class='av-special-heading av-special-heading-h3  blockquote modern-quote modern-centered  avia-builder-el-6  el_before_av_textblock  avia-builder-el-first'><h3 class='av-special-heading-tag'  itemprop=\"headline\"  >Operativer Eingriff<\/h3><div class='special-heading-border'><div class='special-heading-inner-border' ><\/div><\/div><\/div><br \/>\n<section class=\"av_textblock_section\"  itemscope=\"itemscope\" itemtype=\"https:\/\/schema.org\/CreativeWork\" ><div class='avia_textblock'   itemprop=\"text\" ><p>Die h\u00e4ufigste Methode zur Hals\u00e4sthetik ist der chirurgische Eingriff. \u00dcbersch\u00fcssiges Fett im Nacken wird operativ entfernt; Deformierte Muskeln und die Haut straffen sich. Somit wird ein j\u00fcngeres und \u00e4sthetischeres Erscheinungsbild des Halses erzielt.<br \/>\n<img loading=\"lazy\" decoding=\"async\" class=\"alignnone size-full wp-image-723\" src=\"http:\/\/mertsecer.com\/wp-content\/uploads\/2021\/01\/boyun3.jpg\" alt=\"\" width=\"1000\" height=\"336\" srcset=\"https:\/\/mertsecer.com\/wp-content\/uploads\/2021\/01\/boyun3.jpg 1000w, https:\/\/mertsecer.com\/wp-content\/uploads\/2021\/01\/boyun3-300x101.jpg 300w, https:\/\/mertsecer.com\/wp-content\/uploads\/2021\/01\/boyun3-768x258.jpg 768w, https:\/\/mertsecer.com\/wp-content\/uploads\/2021\/01\/boyun3-705x237.jpg 705w\" sizes=\"auto, (max-width: 1000px) 100vw, 1000px\" \/><\/p>\n<\/div><\/section><\/p>\n<\/div><\/div><div class=\"flex_cell no_margin av_one_third  avia-builder-el-8  el_after_av_cell_one_third  avia-builder-el-last\"  style='vertical-align:top; padding:30px; background-color:#eaeaea; ' ><div class='flex_cell_inner' ><p><div  style='padding-bottom:10px; ' class='av-special-heading av-special-heading-h3  blockquote modern-quote modern-centered  avia-builder-el-9  el_before_av_textblock  avia-builder-el-first'><h3 class='av-special-heading-tag'  itemprop=\"headline\"  >Halschirurgie<\/h3><div class='special-heading-border'><div class='special-heading-inner-border' ><\/div><\/div><\/div><br \/>\n<section class=\"av_textblock_section\"  itemscope=\"itemscope\" itemtype=\"https:\/\/schema.org\/CreativeWork\" ><div class='avia_textblock'   itemprop=\"text\" ><p>\u00dcbersch\u00fcssiges Fett am Hals wird durch Fettabsaugung entfernt und Erschlaffungen werden durch Dehnung der Haut beseitigt. Nach der Operation kann der Patient je nach Zustand noch am selben Tag entlassen oder zur Beobachtung und Kontrolle station\u00e4r aufgenommen werden.<br \/>\n<img loading=\"lazy\" decoding=\"async\" class=\"alignnone size-full wp-image-724\" src=\"http:\/\/mertsecer.com\/wp-content\/uploads\/2021\/01\/boyun4.jpg\" alt=\"\" width=\"1000\" height=\"336\" srcset=\"https:\/\/mertsecer.com\/wp-content\/uploads\/2021\/01\/boyun4.jpg 1000w, https:\/\/mertsecer.com\/wp-content\/uploads\/2021\/01\/boyun4-300x101.jpg 300w, https:\/\/mertsecer.com\/wp-content\/uploads\/2021\/01\/boyun4-768x258.jpg 768w, https:\/\/mertsecer.com\/wp-content\/uploads\/2021\/01\/boyun4-705x237.jpg 705w\" sizes=\"auto, (max-width: 1000px) 100vw, 1000px\" \/><\/p>\n<\/div><\/section><\/p>\n<\/div><\/div><\/div>","protected":false},"excerpt":{"rendered":"","protected":false},"author":1,"featured_media":0,"parent":460,"menu_order":0,"comment_status":"closed","ping_status":"closed","template":"","meta":{"footnotes":""},"class_list":["post-472","page","type-page","status-publish","hentry"],"_links":{"self":[{"href":"https:\/\/mertsecer.com\/de\/wp-json\/wp\/v2\/pages\/472","targetHints":{"allow":["GET"]}}],"collection":[{"href":"https:\/\/mertsecer.com\/de\/wp-json\/wp\/v2\/pages"}],"about":[{"href":"https:\/\/mertsecer.com\/de\/wp-json\/wp\/v2\/types\/page"}],"author":[{"embeddable":true,"href":"https:\/\/mertsecer.com\/de\/wp-json\/wp\/v2\/users\/1"}],"replies":[{"embeddable":true,"href":"https:\/\/mertsecer.com\/de\/wp-json\/wp\/v2\/comments?post=472"}],"version-history":[{"count":7,"href":"https:\/\/mertsecer.com\/de\/wp-json\/wp\/v2\/pages\/472\/revisions"}],"predecessor-version":[{"id":726,"href":"https:\/\/mertsecer.com\/de\/wp-json\/wp\/v2\/pages\/472\/revisions\/726"}],"up":[{"embeddable":true,"href":"https:\/\/mertsecer.com\/de\/wp-json\/wp\/v2\/pages\/460"}],"wp:attachment":[{"href":"https:\/\/mertsecer.com\/de\/wp-json\/wp\/v2\/media?parent=472"}],"curies":[{"name":"wp","href":"https:\/\/api.w.org\/{rel}","templated":true}]}}