{"id":476,"date":"2021-01-03T01:21:43","date_gmt":"2021-01-02T22:21:43","guid":{"rendered":"http:\/\/mertsecer.com\/?page_id=476"},"modified":"2021-01-18T00:48:09","modified_gmt":"2021-01-17T21:48:09","slug":"karin-germe","status":"publish","type":"page","link":"https:\/\/mertsecer.com\/de\/vucut-operasyonlari\/karin-germe\/","title":{"rendered":"Bauchdeckenstraffung"},"content":{"rendered":"<div id='full_slider_1'  class='avia-fullwidth-slider main_color avia-shadow   avia-builder-el-0  el_before_av_layout_row  avia-builder-el-first   container_wrap fullsize' style=' '  ><div   data-size='featured_large'  data-lightbox_size='large'  data-animation='fade'  data-conditional_play=''  data-ids='544'  data-video_counter='0'  data-autoplay='false'  data-bg_slider='false'  data-slide_height=''  data-handle='av_slideshow_full'  data-interval='5'  data-class=' '  data-el_id=''  data-css_id=''  data-scroll_down=''  data-control_layout='av-control-minimal'  data-custom_markup=''  data-perma_caption=''  data-autoplay_stopper=''  data-image_attachment=''  data-min_height='0px'  data-lazy_loading='disabled'  data-src=''  data-position='top left'  data-repeat='no-repeat'  data-attach='scroll'  data-stretch=''  data-default-height='42'  class='avia-slideshow avia-slideshow-1  av-control-minimal av-default-height-applied avia-slideshow-featured_large av_slideshow_full   avia-fade-slider'  itemprop=\"image\" itemscope=\"itemscope\" itemtype=\"https:\/\/schema.org\/ImageObject\" ><ul class='avia-slideshow-inner' style='padding-bottom: 42%;' ><li  class='av-single-slide slide-1' ><div data-rel='slideshow-1' class='avia-slide-wrap'   ><div class = \"caption_fullwidth av-slideshow-caption caption_bottom\"><div class = \"container caption_container\"><div class = \"slideshow_caption\"><div class = \"slideshow_inner_caption\"><div class = \"slideshow_align_caption\"><h2  class='avia-caption-title'  itemprop=\"name\" >KARIN GERME<\/h2><\/div><\/div><\/div><\/div><\/div><img decoding=\"async\" class=\"wp-image-544 avia-img-lazy-loading-not-544\"  src=\"https:\/\/mertsecer.com\/wp-content\/uploads\/2021\/01\/KARIN_GERME3-1500x630.jpg\" width=\"1500\" height=\"630\" title='KARIN_GERME3' alt=''  itemprop=\"thumbnailUrl\"   \/><\/div><\/li><\/ul><\/div><\/div>\n<div id='av-layout-grid-1'  class='av-layout-grid-container entry-content-wrapper main_color av-flex-cells     avia-builder-el-1  el_after_av_slideshow_full  el_before_av_image  submenu-not-first container_wrap fullsize' style=' '  >\n<div class=\"flex_cell no_margin av_one_full  avia-builder-el-2  avia-builder-el-no-sibling\"  style='vertical-align:top; padding:30px; ' ><div class='flex_cell_inner' ><p><div  style='padding-bottom:10px; ' class='av-special-heading av-special-heading-h3  blockquote modern-quote modern-centered  avia-builder-el-3  el_before_av_one_half  avia-builder-el-first'><h3 class='av-special-heading-tag'  itemprop=\"headline\"  >Bauchdeckenstraffung<\/h3><div class='special-heading-border'><div class='special-heading-inner-border' ><\/div><\/div><\/div><br \/>\n<div class=\"flex_column av_one_half  flex_column_div av-zero-column-padding first  avia-builder-el-4  el_after_av_heading  el_before_av_one_half\" style='border-radius:0px; '><section class=\"av_textblock_section\"  itemscope=\"itemscope\" itemtype=\"https:\/\/schema.org\/CreativeWork\" ><div class='avia_textblock'   itemprop=\"text\" ><p>Die Bauchdeckenstraffung ist eine gute L\u00f6sung bei der Behandlung von schlechtem Aussehen und Erschlaffung, die durch Abnehmen und Zunehmen, nach der Geburt oder aus anderen Gr\u00fcnden verursacht werden. Sie wird meist gleichzeitig mit der Fettabsaugung eingesetzt und ist eine wichtige chirurgische Methode zur K\u00f6rperformung. Auch St\u00f6rungen wie Leistenbruch und Muskeltrennung w\u00e4hrend der Operation werden beseitigt. Bei einer Bauchdeckenstraffung (Abdominoplastik) wird die vergr\u00f6\u00dferte Bauchvorderwand verengt; Die gelockerten und klaffenden Bauchmuskeln werden gestrafft und das Fett an der erschlafften Bauchhaut entfernt. Die Bauchdeckenstraffung kann je nach Zustand des Patienten zwischen 2 und 5 Stunden dauern.<\/p>\n<\/div><\/section><\/div><div class=\"flex_column av_one_half  flex_column_div av-zero-column-padding   avia-builder-el-6  el_after_av_one_half  avia-builder-el-last\" style='border-radius:0px; '><section class=\"av_textblock_section\"  itemscope=\"itemscope\" itemtype=\"https:\/\/schema.org\/CreativeWork\" ><div class='avia_textblock'   itemprop=\"text\" ><p>Die Operation beginnt mit einem Schnitt \u00e4hnlich dem Kaiserschnitt 8-10 cm unterhalb des Bauchs, der in der Unterw\u00e4sche verborgen bleibt. Wenn der Bauchnabel verlagert werden soll, wird um den Bauch herum ein zweiter Schnitt zur Verlegung des Bauchnabels gemacht. Nach der Operation wird der Schnitt mit einer verdeckten Naht unter der Haut verschlossen und mit einem Verband abgedeckt. Damit die in dem Gebiet zu sammelnder Fl\u00fcssigkeit nicht unter die Haut flie\u00dft, wird dem Patienten eine Drainage gelegt. Am 2. Tag werden die Drainagen entfernt. Unmittelbar nach der Bauchdeckenstraffung wird der Patientin im Operationssaal ein passendes Korsett angezogen. Das Korsett ist entscheidend f\u00fcr die Genesung des Patienten und sollte etwa 8-10 Wochen getragen werden.<\/p>\n<\/div><\/section><\/div><\/p>\n<\/div><\/div>\n<\/div><div id='after_submenu_1'  class='main_color av_default_container_wrap container_wrap fullsize' style=' '  ><div class='container' ><div class='template-page content  av-content-full alpha units'><div class='post-entry post-entry-type-page post-entry-476'><div class='entry-content-wrapper clearfix'>\n<div  class='avia-image-container  av-styling-    avia-builder-el-8  el_after_av_layout_row  avia-builder-el-no-sibling  avia-align-center'  itemprop=\"image\" itemscope=\"itemscope\" itemtype=\"https:\/\/schema.org\/ImageObject\"  ><div class='avia-image-container-inner'><div class='avia-image-overlay-wrap'><img decoding=\"async\" class='wp-image-718 avia-img-lazy-loading-not-718 avia_image' src=\"https:\/\/mertsecer.com\/wp-content\/uploads\/2021\/01\/seperator5.jpg\" alt='' title='seperator5' height=\"15\" width=\"559\"  itemprop=\"thumbnailUrl\" srcset=\"https:\/\/mertsecer.com\/wp-content\/uploads\/2021\/01\/seperator5.jpg 559w, https:\/\/mertsecer.com\/wp-content\/uploads\/2021\/01\/seperator5-300x8.jpg 300w\" sizes=\"(max-width: 559px) 100vw, 559px\" \/><\/div><\/div><\/div>","protected":false},"excerpt":{"rendered":"","protected":false},"author":1,"featured_media":0,"parent":460,"menu_order":0,"comment_status":"closed","ping_status":"closed","template":"","meta":{"footnotes":""},"class_list":["post-476","page","type-page","status-publish","hentry"],"_links":{"self":[{"href":"https:\/\/mertsecer.com\/de\/wp-json\/wp\/v2\/pages\/476","targetHints":{"allow":["GET"]}}],"collection":[{"href":"https:\/\/mertsecer.com\/de\/wp-json\/wp\/v2\/pages"}],"about":[{"href":"https:\/\/mertsecer.com\/de\/wp-json\/wp\/v2\/types\/page"}],"author":[{"embeddable":true,"href":"https:\/\/mertsecer.com\/de\/wp-json\/wp\/v2\/users\/1"}],"replies":[{"embeddable":true,"href":"https:\/\/mertsecer.com\/de\/wp-json\/wp\/v2\/comments?post=476"}],"version-history":[{"count":6,"href":"https:\/\/mertsecer.com\/de\/wp-json\/wp\/v2\/pages\/476\/revisions"}],"predecessor-version":[{"id":749,"href":"https:\/\/mertsecer.com\/de\/wp-json\/wp\/v2\/pages\/476\/revisions\/749"}],"up":[{"embeddable":true,"href":"https:\/\/mertsecer.com\/de\/wp-json\/wp\/v2\/pages\/460"}],"wp:attachment":[{"href":"https:\/\/mertsecer.com\/de\/wp-json\/wp\/v2\/media?parent=476"}],"curies":[{"name":"wp","href":"https:\/\/api.w.org\/{rel}","templated":true}]}}