{"id":480,"date":"2021-01-03T01:22:14","date_gmt":"2021-01-02T22:22:14","guid":{"rendered":"http:\/\/mertsecer.com\/?page_id=480"},"modified":"2021-01-17T02:07:06","modified_gmt":"2021-01-16T23:07:06","slug":"liposuction","status":"publish","type":"page","link":"https:\/\/mertsecer.com\/de\/vucut-operasyonlari\/liposuction\/","title":{"rendered":"Fettabsaugung"},"content":{"rendered":"<div id='full_slider_1'  class='avia-fullwidth-slider main_color avia-shadow   avia-builder-el-0  el_before_av_hr  avia-builder-el-first   container_wrap fullsize' style=' '  ><div   data-size='featured_large'  data-lightbox_size='large'  data-animation='fade'  data-conditional_play=''  data-ids='551'  data-video_counter='0'  data-autoplay='false'  data-bg_slider='false'  data-slide_height=''  data-handle='av_slideshow_full'  data-interval='5'  data-class=' '  data-el_id=''  data-css_id=''  data-scroll_down=''  data-control_layout='av-control-minimal'  data-custom_markup=''  data-perma_caption=''  data-autoplay_stopper=''  data-image_attachment=''  data-min_height='0px'  data-lazy_loading='disabled'  data-src=''  data-position='top left'  data-repeat='no-repeat'  data-attach='scroll'  data-stretch=''  data-default-height='42'  class='avia-slideshow avia-slideshow-1  av-control-minimal av-default-height-applied avia-slideshow-featured_large av_slideshow_full   avia-fade-slider'  itemprop=\"image\" itemscope=\"itemscope\" itemtype=\"https:\/\/schema.org\/ImageObject\" ><ul class='avia-slideshow-inner' style='padding-bottom: 40.277777777778%;' ><li  class='av-single-slide slide-1' ><div data-rel='slideshow-1' class='avia-slide-wrap'   ><div class = \"caption_fullwidth av-slideshow-caption caption_bottom\"><div class = \"container caption_container\"><div class = \"slideshow_caption\"><div class = \"slideshow_inner_caption\"><div class = \"slideshow_align_caption\"><h2  style='color:#000000; ' class='avia-caption-title'  itemprop=\"name\" >Fettabsaugung<\/h2><\/div><\/div><\/div><\/div><\/div><img decoding=\"async\" class=\"wp-image-551 avia-img-lazy-loading-not-551\"  src=\"https:\/\/mertsecer.com\/wp-content\/uploads\/2021\/01\/liposuction_5.jpg\" width=\"1440\" height=\"580\" title='liposuction_5' alt=''  itemprop=\"thumbnailUrl\" srcset=\"https:\/\/mertsecer.com\/wp-content\/uploads\/2021\/01\/liposuction_5.jpg 1440w, https:\/\/mertsecer.com\/wp-content\/uploads\/2021\/01\/liposuction_5-300x121.jpg 300w, https:\/\/mertsecer.com\/wp-content\/uploads\/2021\/01\/liposuction_5-1030x415.jpg 1030w, https:\/\/mertsecer.com\/wp-content\/uploads\/2021\/01\/liposuction_5-768x309.jpg 768w, https:\/\/mertsecer.com\/wp-content\/uploads\/2021\/01\/liposuction_5-705x284.jpg 705w\" sizes=\"(max-width: 1440px) 100vw, 1440px\" \/><\/div><\/li><\/ul><\/div><\/div><div id='after_full_slider_1'  class='main_color av_default_container_wrap container_wrap fullsize' style=' '  ><div class='container' ><div class='template-page content  av-content-full alpha units'><div class='post-entry post-entry-type-page post-entry-480'><div class='entry-content-wrapper clearfix'>\n<div   class='hr hr-default   avia-builder-el-1  el_after_av_slideshow_full  el_before_av_layout_row  avia-builder-el-no-sibling'><span class='hr-inner' ><span class='hr-inner-style'><\/span><\/span><\/div>\n<\/div><\/div><\/div><!-- close content main div --><\/div><\/div><div id='av-layout-grid-1'  class='av-layout-grid-container entry-content-wrapper main_color av-flex-cells     avia-builder-el-2  el_after_av_hr  el_before_av_layout_row  submenu-not-first container_wrap fullsize' style=' '  >\n<div class=\"flex_cell no_margin av_one_half  avia-builder-el-3  el_before_av_cell_one_half  avia-builder-el-first   avia-full-stretch\"  style='height:400px; min-height:400px;background:url(https:\/\/mertsecer.com\/wp-content\/uploads\/2021\/01\/liposuction_2-300x121.jpg) center center no-repeat scroll; vertical-align:top; padding:30px; ' ><div class='flex_cell_inner' ><\/div><\/div><div class=\"flex_cell no_margin av_one_half  avia-builder-el-4  el_after_av_cell_one_half  avia-builder-el-last   avia-full-stretch\"  style='height:400px; min-height:400px;background:url(https:\/\/mertsecer.com\/wp-content\/uploads\/2021\/01\/liposuction_3-300x121.jpg) center center no-repeat scroll; vertical-align:top; padding:30px; ' ><div class='flex_cell_inner' ><\/div><\/div>\n<\/div>\n<div id='av-layout-grid-2'  class='av-layout-grid-container entry-content-wrapper main_color av-flex-cells     avia-builder-el-5  el_after_av_layout_row  avia-builder-el-last  submenu-not-first container_wrap fullsize' style=' '  >\n<div class=\"flex_cell no_margin av_one_half  avia-builder-el-6  el_before_av_cell_one_half  avia-builder-el-first\"  style='vertical-align:top; padding:40px; ' ><div class='flex_cell_inner' ><p><div  style='padding-bottom:10px; ' class='av-special-heading av-special-heading-h3  blockquote modern-quote modern-centered  avia-builder-el-7  el_before_av_textblock  avia-builder-el-first'><h3 class='av-special-heading-tag'  itemprop=\"headline\"  >Fettabsaugung<\/h3><div class ='av-subheading av-subheading_below' style='font-size:15px;'><p>Fettentfernung<\/p>\n<\/div><div class='special-heading-border'><div class='special-heading-inner-border' ><\/div><\/div><\/div><br \/>\n<section class=\"av_textblock_section\"  itemscope=\"itemscope\" itemtype=\"https:\/\/schema.org\/CreativeWork\" ><div class='avia_textblock'   itemprop=\"text\" ><p>Die Fettabsaugungsmethode stellt die K\u00f6rperteile wieder her und formt sie, die durch hartn\u00e4ckige Verfettung deformiert sind, die eine \u00f6rtliche Verfettung verursachen, die nicht mit der Ern\u00e4hrung entfernt werden kann.<br \/>\nPatienten sollten sich dar\u00fcber im Klaren sein, dass die Fettabsaugung keine Operation zur schnellen Entfernung von \u00dcbergewicht ist, sondern eine Methode zur Entfernung von erblich bedingtem Fett zur \u00f6rtlichen Ausd\u00fcnnung und K\u00f6rperformung.<br \/>\n<img loading=\"lazy\" decoding=\"async\" class=\"alignnone wp-image-697 aligncenter\" src=\"http:\/\/mertsecer.com\/wp-content\/uploads\/2021\/01\/ms_fv.png\" alt=\"\" width=\"10\" height=\"10\" \/>F\u00fcr ein gesundes und zufriedenstellendes Ergebnis m\u00fcssen die Patienten zun\u00e4chst eine umfassende Aufkl\u00e4rung durchlaufen, die alle Details vor und nach der Operation enth\u00e4lt.<br \/>\nAuf diese Weise hat der Patient realistische Erwartungen f\u00fcr die postoperative Zeit und tr\u00e4gt harmonisch mit dem Arzt zum Behandlungs- und Genesungsprozess bei.<br \/>\nwird zu regionalen Ausd\u00fcnnungszwecken angewendet, nicht als Schlankheitsoperation, wie sie vielerorts vorgestellt wurde. \nEs ist wichtig, dass die Person, die sich f\u00fcr eine Fettabsaugung entscheidet, diese Tatsache kennt und akzeptiert.\nDie Methode der Fettabsaugung zielt grunds\u00e4tzlich darauf ab, einen gesunden K\u00f6rper zu haben.<\/p>\n<\/div><\/section><\/p>\n<\/div><\/div><div class=\"flex_cell no_margin av_one_half  avia-builder-el-9  el_after_av_cell_one_half  avia-builder-el-last\"  style='vertical-align:top; padding:40px; background-color:#f7f7f7; ' ><div class='flex_cell_inner' ><p><div  style='padding-bottom:10px; ' class='av-special-heading av-special-heading-h3  blockquote modern-quote modern-centered  avia-builder-el-10  el_before_av_textblock  avia-builder-el-first'><h3 class='av-special-heading-tag'  itemprop=\"headline\"  >Operation<\/h3><div class='special-heading-border'><div class='special-heading-inner-border' ><\/div><\/div><\/div><br \/>\n<section class=\"av_textblock_section\"  itemscope=\"itemscope\" itemtype=\"https:\/\/schema.org\/CreativeWork\" ><div class='avia_textblock'   itemprop=\"text\" ><p>Damit sich die Haut nach der Operation erholen kann, wird der Bereich der Fettabsaugung mit einem \u00f6rtlichen Mieder fest umwickelt; Korsett wird verwendet, wenn der Patient aufzustehen und zu gehen beginnt.<br \/>\nDas Nichttragen eines Korsetts kann zu einem unerw\u00fcnschten Aussehen im Bereich der Fettabsaugung f\u00fchren.<br \/>\n<img loading=\"lazy\" decoding=\"async\" class=\"alignnone wp-image-697 aligncenter\" src=\"http:\/\/mertsecer.com\/wp-content\/uploads\/2021\/01\/ms_fv.png\" alt=\"\" width=\"10\" height=\"10\" \/><\/p>\n<p>Durch das Eindringen in das Unterhautgewebe mit Hilfe sehr d\u00fcnner Kan\u00fclen wird das Fett in dem Bereich durch Vakuum abgesaugt, sodass in diesen Bereichen Bluterg\u00fcsse, Schwellungen oder Gef\u00fchllosigkeit auftreten k\u00f6nnen.<br \/>\nAlle diese Situationen werden in ein paar Wochen vergehen.<br \/>\nEs gibt keinen Dauerzustand. Die Gef\u00fchllosigkeit kann jedoch etwas l\u00e4nger anhalten.<\/p>\n<\/div><\/section><\/p>\n<\/div><\/div><\/div>","protected":false},"excerpt":{"rendered":"","protected":false},"author":1,"featured_media":0,"parent":460,"menu_order":0,"comment_status":"closed","ping_status":"closed","template":"","meta":{"footnotes":""},"class_list":["post-480","page","type-page","status-publish","hentry"],"_links":{"self":[{"href":"https:\/\/mertsecer.com\/de\/wp-json\/wp\/v2\/pages\/480","targetHints":{"allow":["GET"]}}],"collection":[{"href":"https:\/\/mertsecer.com\/de\/wp-json\/wp\/v2\/pages"}],"about":[{"href":"https:\/\/mertsecer.com\/de\/wp-json\/wp\/v2\/types\/page"}],"author":[{"embeddable":true,"href":"https:\/\/mertsecer.com\/de\/wp-json\/wp\/v2\/users\/1"}],"replies":[{"embeddable":true,"href":"https:\/\/mertsecer.com\/de\/wp-json\/wp\/v2\/comments?post=480"}],"version-history":[{"count":6,"href":"https:\/\/mertsecer.com\/de\/wp-json\/wp\/v2\/pages\/480\/revisions"}],"predecessor-version":[{"id":707,"href":"https:\/\/mertsecer.com\/de\/wp-json\/wp\/v2\/pages\/480\/revisions\/707"}],"up":[{"embeddable":true,"href":"https:\/\/mertsecer.com\/de\/wp-json\/wp\/v2\/pages\/460"}],"wp:attachment":[{"href":"https:\/\/mertsecer.com\/de\/wp-json\/wp\/v2\/media?parent=480"}],"curies":[{"name":"wp","href":"https:\/\/api.w.org\/{rel}","templated":true}]}}