{"id":482,"date":"2021-01-03T01:22:39","date_gmt":"2021-01-02T22:22:39","guid":{"rendered":"http:\/\/mertsecer.com\/?page_id=482"},"modified":"2021-01-17T02:14:42","modified_gmt":"2021-01-16T23:14:42","slug":"burun-estetigi","status":"publish","type":"page","link":"https:\/\/mertsecer.com\/de\/yuz-uygulamalari\/burun-estetigi\/","title":{"rendered":"Nasenkorrektur"},"content":{"rendered":"<div id='full_slider_1'  class='avia-fullwidth-slider main_color avia-shadow   avia-builder-el-0  el_before_av_layout_row  avia-builder-el-first   container_wrap fullsize' style=' '  ><div   data-size='featured_large'  data-lightbox_size='large'  data-animation='fade'  data-conditional_play=''  data-ids='559'  data-video_counter='0'  data-autoplay='false'  data-bg_slider='false'  data-slide_height=''  data-handle='av_slideshow_full'  data-interval='5'  data-class=' '  data-el_id=''  data-css_id=''  data-scroll_down=''  data-control_layout='av-control-minimal'  data-custom_markup=''  data-perma_caption=''  data-autoplay_stopper=''  data-image_attachment=''  data-min_height='0px'  data-lazy_loading='disabled'  data-src=''  data-position='top left'  data-repeat='no-repeat'  data-attach='scroll'  data-stretch=''  data-default-height='42'  class='avia-slideshow avia-slideshow-1  av-control-minimal av-default-height-applied avia-slideshow-featured_large av_slideshow_full   avia-fade-slider'  itemprop=\"image\" itemscope=\"itemscope\" itemtype=\"https:\/\/schema.org\/ImageObject\" ><ul class='avia-slideshow-inner' style='padding-bottom: 42%;' ><li  class='av-single-slide slide-1' ><div data-rel='slideshow-1' class='avia-slide-wrap'   ><div class = \"caption_fullwidth av-slideshow-caption caption_bottom\"><div class = \"container caption_container\"><div class = \"slideshow_caption\"><div class = \"slideshow_inner_caption\"><div class = \"slideshow_align_caption\"><h2  class='avia-caption-title'  itemprop=\"name\" >Nasenkorrektur<\/h2><\/div><\/div><\/div><\/div><\/div><img decoding=\"async\" class=\"wp-image-559 avia-img-lazy-loading-not-559\"  src=\"https:\/\/mertsecer.com\/wp-content\/uploads\/2021\/01\/YU_burun_estetigi1-1500x630.jpg\" width=\"1500\" height=\"630\" title='YU_burun_estetigi1' alt=''  itemprop=\"thumbnailUrl\"   \/><\/div><\/li><\/ul><\/div><\/div>\n<div id='av-layout-grid-1'  class='av-layout-grid-container entry-content-wrapper main_color av-flex-cells     avia-builder-el-1  el_after_av_slideshow_full  el_before_av_layout_row  submenu-not-first container_wrap fullsize' style=' '  >\n<div class=\"flex_cell no_margin av_one_third  avia-builder-el-2  el_before_av_cell_one_third  avia-builder-el-first\"  style='vertical-align:top; padding:30px; ' ><div class='flex_cell_inner' ><p><div  style='padding-bottom:10px; ' class='av-special-heading av-special-heading-h3  blockquote modern-quote modern-centered  avia-builder-el-3  el_before_av_textblock  avia-builder-el-first'><h3 class='av-special-heading-tag'  itemprop=\"headline\"  >Nasenkorrektur<\/h3><div class ='av-subheading av-subheading_below' style='font-size:15px;'><p>(Rhinoplastik)<\/p>\n<\/div><div class='special-heading-border'><div class='special-heading-inner-border' ><\/div><\/div><\/div><br \/>\n<section class=\"av_textblock_section\"  itemscope=\"itemscope\" itemtype=\"https:\/\/schema.org\/CreativeWork\" ><div class='avia_textblock'   itemprop=\"text\" ><p>Ziel ist es, die Form der Nase chirurgisch zu ver\u00e4ndern, um ein \u00e4sthetisches Erscheinungsbild zu erhalten. Die Messungen werden in \u00dcbereinstimmung mit der Gesichtsform jedes Einzelnen durchgef\u00fchrt. Knochen-, Knorpelstrukturen und Nasenl\u00f6cher, die das \u00e4sthetische Erscheinungsbild zerst\u00f6ren, werden eingegriffen. Neben dem \u00e4sthetischen Erscheinungsbild werden gleichzeitig die Probleme unserer Patienten mit Atemproblemen gel\u00f6st. Die Operation kann mit offener oder geschlossener Methode durchgef\u00fchrt werden.<br \/>\n<strong>Wer ist f\u00fcr diese Operation geeignet?<\/strong><br \/>\nEs ist f\u00fcr jeden geeignet, der die Knochen- und Knorpelentwicklung abgeschlossen hat und bei guter Gesundheit ist.<\/p>\n<\/div><\/section><\/p>\n<\/div><\/div><div class=\"flex_cell no_margin av_one_third  avia-builder-el-5  el_after_av_cell_one_third  el_before_av_cell_one_third\"  style='vertical-align:top; padding:30px; background-color:#f7f7f7; ' ><div class='flex_cell_inner' ><p><div  style='padding-bottom:10px; ' class='av-special-heading av-special-heading-h3  blockquote modern-quote modern-centered  avia-builder-el-6  el_before_av_textblock  avia-builder-el-first'><h3 class='av-special-heading-tag'  itemprop=\"headline\"  >\u00dcber die Operation<\/h3><div class='special-heading-border'><div class='special-heading-inner-border' ><\/div><\/div><\/div><br \/>\n<section class=\"av_textblock_section\"  itemscope=\"itemscope\" itemtype=\"https:\/\/schema.org\/CreativeWork\" ><div class='avia_textblock'   itemprop=\"text\" ><p>Es ist eine Operation, die etwa 1,5 - 2 Stunden unter Vollnarkose dauert. Unsere Patienten werden in der Regel am Abend nach der Operation nach Hause geschickt.<br \/>\n<img loading=\"lazy\" decoding=\"async\" class=\"alignnone size-full wp-image-708\" src=\"http:\/\/mertsecer.com\/wp-content\/uploads\/2021\/01\/burun3.jpg\" alt=\"\" width=\"800\" height=\"306\" srcset=\"https:\/\/mertsecer.com\/wp-content\/uploads\/2021\/01\/burun3.jpg 800w, https:\/\/mertsecer.com\/wp-content\/uploads\/2021\/01\/burun3-300x115.jpg 300w, https:\/\/mertsecer.com\/wp-content\/uploads\/2021\/01\/burun3-768x294.jpg 768w, https:\/\/mertsecer.com\/wp-content\/uploads\/2021\/01\/burun3-705x270.jpg 705w\" sizes=\"auto, (max-width: 800px) 100vw, 800px\" \/><\/p>\n<\/div><\/section><\/p>\n<\/div><\/div><div class=\"flex_cell no_margin av_one_third  avia-builder-el-8  el_after_av_cell_one_third  avia-builder-el-last\"  style='vertical-align:top; padding:30px; background-color:#eaeaea; ' ><div class='flex_cell_inner' ><p><div  style='padding-bottom:10px; ' class='av-special-heading av-special-heading-h3  blockquote modern-quote modern-centered  avia-builder-el-9  el_before_av_textblock  avia-builder-el-first'><h3 class='av-special-heading-tag'  itemprop=\"headline\"  >Nach der Operation<\/h3><div class='special-heading-border'><div class='special-heading-inner-border' ><\/div><\/div><\/div><br \/>\n<section class=\"av_textblock_section\"  itemscope=\"itemscope\" itemtype=\"https:\/\/schema.org\/CreativeWork\" ><div class='avia_textblock'   itemprop=\"text\" ><p>Das Hochlagern des Kopfes w\u00e4hrend des Schlafens hilft, Schwellungen zu reduzieren. Es ist notwendig, die verabreichten Medikamente korrekt anzuwenden, und es wird nicht empfohlen, andere als die verschriebenen Schmerzmittel mindestens 2 Wochen nach der Operation einzunehmen.<br \/>\nUnsere Patienten zeigen ab dem 10. Tag eine gro\u00dfe Verbesserung und k\u00f6nnen ihr soziales Leben fortsetzen. Ab dem 3. Monat sind 80 % des \u00d6dems vergangen. Nach etwa einem Jahr nimmt die Nase ihre endg\u00fcltige Form an.<\/p>\n<\/div><\/section><\/p>\n<\/div><\/div><\/div><div id='av-layout-grid-2'  class='av-layout-grid-container entry-content-wrapper main_color av-flex-cells     avia-builder-el-11  el_after_av_layout_row  el_before_av_layout_row  submenu-not-first container_wrap fullsize' style=' '  >\n<div class=\"flex_cell no_margin av_one_half  avia-builder-el-12  el_before_av_cell_one_half  avia-builder-el-first   avia-full-stretch\"  style='height:400px; min-height:400px;background:url(https:\/\/mertsecer.com\/wp-content\/uploads\/2021\/01\/YU_burun_estetigi2-300x200.jpg) center center no-repeat scroll; vertical-align:top; padding:30px; ' ><div class='flex_cell_inner' ><\/div><\/div><div class=\"flex_cell no_margin av_one_half  avia-builder-el-13  el_after_av_cell_one_half  avia-builder-el-last   avia-full-stretch\"  style='height:400px; min-height:400px;background:url(https:\/\/mertsecer.com\/wp-content\/uploads\/2021\/01\/YU_burun_estetigi1-300x158.jpg) center center no-repeat scroll; vertical-align:top; padding:30px; ' ><div class='flex_cell_inner' ><\/div><\/div>\n<\/div><\/p>\n<div id='av-layout-grid-3'  class='av-layout-grid-container entry-content-wrapper main_color av-flex-cells     avia-builder-el-14  el_after_av_layout_row  avia-builder-el-last  submenu-not-first container_wrap fullsize' style=' '  >\n<div class=\"flex_cell no_margin av_one_half  avia-builder-el-15  el_before_av_cell_one_half  avia-builder-el-first\"  style='vertical-align:top; padding:40px; ' ><div class='flex_cell_inner' ><p><div  style='padding-bottom:10px; ' class='av-special-heading av-special-heading-h3  blockquote modern-quote modern-centered  avia-builder-el-16  el_before_av_textblock  avia-builder-el-first'><h3 class='av-special-heading-tag'  itemprop=\"headline\"  >Sekund\u00e4re Nasenkorrektur <\/h3><div class='special-heading-border'><div class='special-heading-inner-border' ><\/div><\/div><\/div><br \/>\n<section class=\"av_textblock_section\"  itemscope=\"itemscope\" itemtype=\"https:\/\/schema.org\/CreativeWork\" ><div class='avia_textblock'   itemprop=\"text\" ><p>Die sekund\u00e4re Nasenkorrektur ist eine Revisionsoperation, die nach der ersten Nasenkorrektur durchgef\u00fchrt wird. Diese Operation umfasst eine Reihe von Anwendungen, die mehr Erfahrung und Aufmerksamkeit erfordern als Operationen, die zum ersten Mal durchgef\u00fchrt werden.<br \/>\nIn welchen F\u00e4llen ist eine zweite \u00e4sthetische Nasenoperation erforderlich?<br \/>\n\u2022 Probleme mit dem Schlie\u00dfen des Nasenventils oder nicht gen\u00fcgend Luft beim tiefen Einatmen.<br \/>\n\u2022 \u00c4sthetischer Defekt aufgrund unzureichender Entfernung des Nasenr\u00fcckenbogens bei der ersten Operation<br \/>\n\u2022 Fehlende Korrektur der herabh\u00e4ngenden Nasenspitze bei der ersten Operation oder Geschwollene Nasenspitze<br \/>\n\u2022 Missverh\u00e4ltnis zwischen Nase und Gesichtsgr\u00f6\u00dfe. Unzureichende oder zu viel Verkleinerung der Nase im Vergleich zum Gesicht bei der ersten Operation.<br \/>\n\u2022 Beseitigung von Erscheinungsfehlern, die durch einen physischen Schlag verursacht wurden.<\/p>\n<\/div><\/section><\/p>\n<\/div><\/div><div class=\"flex_cell no_margin av_one_half  avia-builder-el-18  el_after_av_cell_one_half  avia-builder-el-last\"  style='vertical-align:top; padding:40px; background-color:#f7f7f7; ' ><div class='flex_cell_inner' ><p><div  style='padding-bottom:10px; ' class='av-special-heading av-special-heading-h3  blockquote modern-quote modern-centered  avia-builder-el-19  el_before_av_textblock  avia-builder-el-first'><h3 class='av-special-heading-tag'  itemprop=\"headline\"  >Warum sollte man vor der Operation zu einem plastischen Chirurgen untersucht werden?<\/h3><div class='special-heading-border'><div class='special-heading-inner-border' ><\/div><\/div><\/div><br \/>\n<section class=\"av_textblock_section\"  itemscope=\"itemscope\" itemtype=\"https:\/\/schema.org\/CreativeWork\" ><div class='avia_textblock'   itemprop=\"text\" ><p><strong>Sekund\u00e4re Nasenkorrektur\u00a0<\/strong>Das pr\u00e4operative Gespr\u00e4ch mit Patienten, die eine sekund\u00e4re Nasenkorrektur ben\u00f6tigen, ist wichtig f\u00fcr den Verlauf der Operation und die Zufriedenheit des Patienten. Sekund\u00e4re Nasenoperationen sind nicht f\u00fcr jeden eine Standardoperation. Die bei der Operation anzuwendenden Methoden richten sich nach der Situation der Nase und den Anspr\u00fcchen der zu operierenden Personen. Der plastische Chirurg, der die Operation durchf\u00fchrt, erkl\u00e4rt die im Nasenbereich durchzuf\u00fchrenden Eingriffe. W\u00e4hrend der Untersuchung wird der Patient \u00fcber die Tests informiert, die vor der Operation durchgef\u00fchrt werden sollten, und dann wird \u00fcber die Operation entschieden.<\/p>\n<\/div><\/section><\/p>\n<\/div><\/div>\n<\/div>","protected":false},"excerpt":{"rendered":"","protected":false},"author":1,"featured_media":0,"parent":462,"menu_order":0,"comment_status":"closed","ping_status":"closed","template":"","meta":{"footnotes":""},"class_list":["post-482","page","type-page","status-publish","hentry"],"_links":{"self":[{"href":"https:\/\/mertsecer.com\/de\/wp-json\/wp\/v2\/pages\/482","targetHints":{"allow":["GET"]}}],"collection":[{"href":"https:\/\/mertsecer.com\/de\/wp-json\/wp\/v2\/pages"}],"about":[{"href":"https:\/\/mertsecer.com\/de\/wp-json\/wp\/v2\/types\/page"}],"author":[{"embeddable":true,"href":"https:\/\/mertsecer.com\/de\/wp-json\/wp\/v2\/users\/1"}],"replies":[{"embeddable":true,"href":"https:\/\/mertsecer.com\/de\/wp-json\/wp\/v2\/comments?post=482"}],"version-history":[{"count":5,"href":"https:\/\/mertsecer.com\/de\/wp-json\/wp\/v2\/pages\/482\/revisions"}],"predecessor-version":[{"id":709,"href":"https:\/\/mertsecer.com\/de\/wp-json\/wp\/v2\/pages\/482\/revisions\/709"}],"up":[{"embeddable":true,"href":"https:\/\/mertsecer.com\/de\/wp-json\/wp\/v2\/pages\/462"}],"wp:attachment":[{"href":"https:\/\/mertsecer.com\/de\/wp-json\/wp\/v2\/media?parent=482"}],"curies":[{"name":"wp","href":"https:\/\/api.w.org\/{rel}","templated":true}]}}