{"id":484,"date":"2021-01-03T01:22:59","date_gmt":"2021-01-02T22:22:59","guid":{"rendered":"http:\/\/mertsecer.com\/?page_id=484"},"modified":"2021-01-18T02:02:54","modified_gmt":"2021-01-17T23:02:54","slug":"cene-ucu-estetigi","status":"publish","type":"page","link":"https:\/\/mertsecer.com\/de\/yuz-uygulamalari\/cene-ucu-estetigi\/","title":{"rendered":"Kinn \u00c4sthetik"},"content":{"rendered":"<div id='full_slider_1'  class='avia-fullwidth-slider main_color avia-shadow   avia-builder-el-0  el_before_av_layout_row  avia-builder-el-first   container_wrap fullsize' style=' '  ><div   data-size='featured_large'  data-lightbox_size='large'  data-animation='fade'  data-conditional_play=''  data-ids='561'  data-video_counter='0'  data-autoplay='false'  data-bg_slider='false'  data-slide_height=''  data-handle='av_slideshow_full'  data-interval='5'  data-class=' '  data-el_id=''  data-css_id=''  data-scroll_down=''  data-control_layout='av-control-minimal'  data-custom_markup=''  data-perma_caption=''  data-autoplay_stopper=''  data-image_attachment=''  data-min_height='0px'  data-lazy_loading='disabled'  data-src=''  data-position='top left'  data-repeat='no-repeat'  data-attach='scroll'  data-stretch=''  data-default-height='42'  class='avia-slideshow avia-slideshow-1  av-control-minimal av-default-height-applied avia-slideshow-featured_large av_slideshow_full   avia-fade-slider'  itemprop=\"image\" itemscope=\"itemscope\" itemtype=\"https:\/\/schema.org\/ImageObject\" ><ul class='avia-slideshow-inner' style='padding-bottom: 42%;' ><li  class='av-single-slide slide-1' ><div data-rel='slideshow-1' class='avia-slide-wrap'   ><div class = \"caption_fullwidth av-slideshow-caption caption_bottom\"><div class = \"container caption_container\"><div class = \"slideshow_caption\"><div class = \"slideshow_inner_caption\"><div class = \"slideshow_align_caption\"><h2  style='color:#5b5b5b; ' class='avia-caption-title'  itemprop=\"name\" >Kinn \u00c4sthetik<\/h2><\/div><\/div><\/div><\/div><\/div><img decoding=\"async\" class=\"wp-image-561 avia-img-lazy-loading-not-561\"  src=\"https:\/\/mertsecer.com\/wp-content\/uploads\/2021\/01\/YU_cene_ucu_estetigi-1500x630.jpg\" width=\"1500\" height=\"630\" title='YU_cene_ucu_estetigi' alt=''  itemprop=\"thumbnailUrl\"   \/><\/div><\/li><\/ul><\/div><\/div>\n<div id='av-layout-grid-1'  class='av-layout-grid-container entry-content-wrapper main_color av-flex-cells     avia-builder-el-1  el_after_av_slideshow_full  el_before_av_image  submenu-not-first container_wrap fullsize' style=' '  >\n<div class=\"flex_cell no_margin av_one_full  avia-builder-el-2  avia-builder-el-no-sibling\"  style='vertical-align:top; padding:30px; ' ><div class='flex_cell_inner' ><p><div  style='padding-bottom:10px; ' class='av-special-heading av-special-heading-h3  blockquote modern-quote modern-centered  avia-builder-el-3  el_before_av_one_half  avia-builder-el-first'><h3 class='av-special-heading-tag'  itemprop=\"headline\"  >Kinn \u00c4sthetik<\/h3><div class='special-heading-border'><div class='special-heading-inner-border' ><\/div><\/div><\/div><br \/>\n<div class=\"flex_column av_one_half  flex_column_div av-zero-column-padding first  avia-builder-el-4  el_after_av_heading  el_before_av_one_half\" style='border-radius:0px; '><section class=\"av_textblock_section\"  itemscope=\"itemscope\" itemtype=\"https:\/\/schema.org\/CreativeWork\" ><div class='avia_textblock'   itemprop=\"text\" ><p>F\u00fcr bessere Ergebnisse, insbesondere bei unseren Patienten mit vorheriger Nasenkorrektur, ist es von Bedeutung, dass das gesamte Gesicht ein goldenes Verh\u00e4ltnis hat. Ein Bereich, der einen gro\u00dfen Einfluss auf das Erreichen dieses Verh\u00e4ltnisses hat, ist die Kinnspitze.<\/p>\n<\/div><\/section><\/div><div class=\"flex_column av_one_half  flex_column_div av-zero-column-padding   avia-builder-el-6  el_after_av_one_half  avia-builder-el-last\" style='border-radius:0px; '><section class=\"av_textblock_section\"  itemscope=\"itemscope\" itemtype=\"https:\/\/schema.org\/CreativeWork\" ><div class='avia_textblock'   itemprop=\"text\" ><p>Bei unseren Patienten, deren Kinnspitze hinten liegt, kann die Kinnspitze durch Einsetzen eines k\u00f6rpergerechten Implantats mit einem kleinen Schnitt durch den Mund verl\u00e4ngert werden oder das goldene Verh\u00e4ltnis kann dauerhaft erreicht werden, indem das Kinn mit k\u00f6rpereigenem Gewebe (Fett vom Bauch oder Beinen) vergr\u00f6\u00dfert wird.<\/p>\n<\/div><\/section><\/div><\/p>\n<\/div><\/div><\/div><div id='after_submenu_1'  class='main_color av_default_container_wrap container_wrap fullsize' style=' '  ><div class='container' ><div class='template-page content  av-content-full alpha units'><div class='post-entry post-entry-type-page post-entry-484'><div class='entry-content-wrapper clearfix'><div  class='avia-image-container  av-styling-    avia-builder-el-8  el_after_av_layout_row  avia-builder-el-no-sibling  avia-align-center'  itemprop=\"image\" itemscope=\"itemscope\" itemtype=\"https:\/\/schema.org\/ImageObject\"  ><div class='avia-image-container-inner'><div class='avia-image-overlay-wrap'><img decoding=\"async\" class='wp-image-718 avia-img-lazy-loading-not-718 avia_image' src=\"https:\/\/mertsecer.com\/wp-content\/uploads\/2021\/01\/seperator5.jpg\" alt='' title='seperator5' height=\"15\" width=\"559\"  itemprop=\"thumbnailUrl\" srcset=\"https:\/\/mertsecer.com\/wp-content\/uploads\/2021\/01\/seperator5.jpg 559w, https:\/\/mertsecer.com\/wp-content\/uploads\/2021\/01\/seperator5-300x8.jpg 300w\" sizes=\"(max-width: 559px) 100vw, 559px\" \/><\/div><\/div><\/div><\/p>","protected":false},"excerpt":{"rendered":"","protected":false},"author":1,"featured_media":0,"parent":462,"menu_order":0,"comment_status":"closed","ping_status":"closed","template":"","meta":{"footnotes":""},"class_list":["post-484","page","type-page","status-publish","hentry"],"_links":{"self":[{"href":"https:\/\/mertsecer.com\/de\/wp-json\/wp\/v2\/pages\/484","targetHints":{"allow":["GET"]}}],"collection":[{"href":"https:\/\/mertsecer.com\/de\/wp-json\/wp\/v2\/pages"}],"about":[{"href":"https:\/\/mertsecer.com\/de\/wp-json\/wp\/v2\/types\/page"}],"author":[{"embeddable":true,"href":"https:\/\/mertsecer.com\/de\/wp-json\/wp\/v2\/users\/1"}],"replies":[{"embeddable":true,"href":"https:\/\/mertsecer.com\/de\/wp-json\/wp\/v2\/comments?post=484"}],"version-history":[{"count":5,"href":"https:\/\/mertsecer.com\/de\/wp-json\/wp\/v2\/pages\/484\/revisions"}],"predecessor-version":[{"id":751,"href":"https:\/\/mertsecer.com\/de\/wp-json\/wp\/v2\/pages\/484\/revisions\/751"}],"up":[{"embeddable":true,"href":"https:\/\/mertsecer.com\/de\/wp-json\/wp\/v2\/pages\/462"}],"wp:attachment":[{"href":"https:\/\/mertsecer.com\/de\/wp-json\/wp\/v2\/media?parent=484"}],"curies":[{"name":"wp","href":"https:\/\/api.w.org\/{rel}","templated":true}]}}