{"id":486,"date":"2021-01-03T01:23:19","date_gmt":"2021-01-02T22:23:19","guid":{"rendered":"http:\/\/mertsecer.com\/?page_id=486"},"modified":"2021-01-07T18:58:23","modified_gmt":"2021-01-07T15:58:23","slug":"endoskopik-kas-kaldirma","status":"publish","type":"page","link":"https:\/\/mertsecer.com\/de\/yuz-uygulamalari\/endoskopik-kas-kaldirma\/","title":{"rendered":"Endoskopisches Augenbrauenlifting"},"content":{"rendered":"<div id='full_slider_1'  class='avia-fullwidth-slider main_color avia-shadow   avia-builder-el-0  el_before_av_layout_row  avia-builder-el-first   container_wrap fullsize' style=' '  ><div   data-size='featured_large'  data-lightbox_size='large'  data-animation='fade'  data-conditional_play=''  data-ids='562'  data-video_counter='0'  data-autoplay='false'  data-bg_slider='false'  data-slide_height=''  data-handle='av_slideshow_full'  data-interval='5'  data-class=' '  data-el_id=''  data-css_id=''  data-scroll_down=''  data-control_layout='av-control-minimal'  data-custom_markup=''  data-perma_caption=''  data-autoplay_stopper=''  data-image_attachment=''  data-min_height='0px'  data-lazy_loading='disabled'  data-src=''  data-position='top left'  data-repeat='no-repeat'  data-attach='scroll'  data-stretch=''  data-default-height='42'  class='avia-slideshow avia-slideshow-1  av-control-minimal av-default-height-applied avia-slideshow-featured_large av_slideshow_full   avia-fade-slider'  itemprop=\"image\" itemscope=\"itemscope\" itemtype=\"https:\/\/schema.org\/ImageObject\" ><ul class='avia-slideshow-inner' style='padding-bottom: 42%;' ><li  class='av-single-slide slide-1' ><div data-rel='slideshow-1' class='avia-slide-wrap'   ><div class = \"caption_fullwidth av-slideshow-caption caption_bottom\"><div class = \"container caption_container\"><div class = \"slideshow_caption\"><div class = \"slideshow_inner_caption\"><div class = \"slideshow_align_caption\"><h2  class='avia-caption-title'  itemprop=\"name\" >Endoskopisches Augenbrauenlifting<\/h2><\/div><\/div><\/div><\/div><\/div><img decoding=\"async\" class=\"wp-image-562 avia-img-lazy-loading-not-562\"  src=\"https:\/\/mertsecer.com\/wp-content\/uploads\/2021\/01\/YU_endoskopik_kas_kaldirma-1500x630.jpg\" width=\"1500\" height=\"630\" title='YU_endoskopik_kas_kaldirma' alt=''  itemprop=\"thumbnailUrl\"   \/><\/div><\/li><\/ul><\/div><\/div>\n<div id='av-layout-grid-1'  class='av-layout-grid-container entry-content-wrapper main_color av-flex-cells     avia-builder-el-1  el_after_av_slideshow_full  avia-builder-el-last  submenu-not-first container_wrap fullsize' style=' '  >\n<div class=\"flex_cell no_margin av_one_full  avia-builder-el-2  avia-builder-el-no-sibling\"  style='vertical-align:top; padding:30px; background-color:#eaeaea; ' ><div class='flex_cell_inner' ><p><div  style='padding-bottom:10px; ' class='av-special-heading av-special-heading-h3  blockquote modern-quote modern-centered  avia-builder-el-3  el_before_av_textblock  avia-builder-el-first'><h3 class='av-special-heading-tag'  itemprop=\"headline\"  >Endoskopisches Augenbrauenlifting und Mandelaugen-Korrektur<\/h3><div class ='av-subheading av-subheading_below' style='font-size:15px;'><p>(Mandelauge oder Fuchsauge)<\/p>\n<\/div><div class='special-heading-border'><div class='special-heading-inner-border' ><\/div><\/div><\/div><br \/>\n<section class=\"av_textblock_section\"  itemscope=\"itemscope\" itemtype=\"https:\/\/schema.org\/CreativeWork\" ><div class='avia_textblock'   itemprop=\"text\" ><p>Mit zunehmendem Alter treten bei den Augenbrauen, insbesondere an den \u00e4u\u00dferen R\u00e4ndern, Erschlaffungen und ein m\u00fcdes Aussehen auf. Eine der Strukturen, die das Gesicht jung und \u00e4sthetisch attraktiv erscheinen lassen, ist der hochgezogene und gespannte Augenbrauenschwanz. Bei der endoskopischen Methode des Augenbrauenliftings wird es mit der Kamera ein Schnitt durch das Haar gef\u00fchrt und der Augenbrauenschwanz angehoben; Dar\u00fcber hinaus kann dieser Operation eine optionale Mandelaugen\u00e4sthetik hinzugef\u00fcgt werden, indem der Augenrand nach oben geh\u00e4ngt wird.<br \/>\nIn den ersten 3 Wochen nach der Operation k\u00f6nnen leichte \u00d6deme auftreten. Es ist eine Methode, mit der unsere Patienten sehr zufrieden sind.<\/p>\n<\/div><\/section><\/p>\n<\/div><\/div><\/div>","protected":false},"excerpt":{"rendered":"","protected":false},"author":1,"featured_media":0,"parent":462,"menu_order":0,"comment_status":"closed","ping_status":"closed","template":"","meta":{"footnotes":""},"class_list":["post-486","page","type-page","status-publish","hentry"],"_links":{"self":[{"href":"https:\/\/mertsecer.com\/de\/wp-json\/wp\/v2\/pages\/486","targetHints":{"allow":["GET"]}}],"collection":[{"href":"https:\/\/mertsecer.com\/de\/wp-json\/wp\/v2\/pages"}],"about":[{"href":"https:\/\/mertsecer.com\/de\/wp-json\/wp\/v2\/types\/page"}],"author":[{"embeddable":true,"href":"https:\/\/mertsecer.com\/de\/wp-json\/wp\/v2\/users\/1"}],"replies":[{"embeddable":true,"href":"https:\/\/mertsecer.com\/de\/wp-json\/wp\/v2\/comments?post=486"}],"version-history":[{"count":3,"href":"https:\/\/mertsecer.com\/de\/wp-json\/wp\/v2\/pages\/486\/revisions"}],"predecessor-version":[{"id":634,"href":"https:\/\/mertsecer.com\/de\/wp-json\/wp\/v2\/pages\/486\/revisions\/634"}],"up":[{"embeddable":true,"href":"https:\/\/mertsecer.com\/de\/wp-json\/wp\/v2\/pages\/462"}],"wp:attachment":[{"href":"https:\/\/mertsecer.com\/de\/wp-json\/wp\/v2\/media?parent=486"}],"curies":[{"name":"wp","href":"https:\/\/api.w.org\/{rel}","templated":true}]}}