{"id":490,"date":"2021-01-03T01:23:53","date_gmt":"2021-01-02T22:23:53","guid":{"rendered":"http:\/\/mertsecer.com\/?page_id=490"},"modified":"2021-01-17T02:20:34","modified_gmt":"2021-01-16T23:20:34","slug":"kulak-estetigi","status":"publish","type":"page","link":"https:\/\/mertsecer.com\/de\/yuz-uygulamalari\/kulak-estetigi\/","title":{"rendered":"Ohr \u00c4sthetik"},"content":{"rendered":"<div id='full_slider_1'  class='avia-fullwidth-slider main_color avia-shadow   avia-builder-el-0  el_before_av_layout_row  avia-builder-el-first   container_wrap fullsize' style=' '  ><div   data-size='featured_large'  data-lightbox_size='large'  data-animation='fade'  data-conditional_play=''  data-ids='565,523'  data-video_counter='0'  data-autoplay='false'  data-bg_slider='false'  data-slide_height=''  data-handle='av_slideshow_full'  data-interval='5'  data-class=' '  data-el_id=''  data-css_id=''  data-scroll_down=''  data-control_layout='av-control-minimal'  data-custom_markup=''  data-perma_caption=''  data-autoplay_stopper=''  data-image_attachment=''  data-min_height='0px'  data-lazy_loading='disabled'  data-src=''  data-position='top left'  data-repeat='no-repeat'  data-attach='scroll'  data-stretch=''  data-default-height='42'  class='avia-slideshow avia-slideshow-1  av-control-minimal av-default-height-applied avia-slideshow-featured_large av_slideshow_full   avia-fade-slider'  itemprop=\"image\" itemscope=\"itemscope\" itemtype=\"https:\/\/schema.org\/ImageObject\" ><ul class='avia-slideshow-inner' style='padding-bottom: 56.25%;' ><li  class='slide-1' ><div data-rel='slideshow-1' class='avia-slide-wrap'   ><div class = \"caption_fullwidth av-slideshow-caption caption_bottom\"><div class = \"container caption_container\"><div class = \"slideshow_caption\"><div class = \"slideshow_inner_caption\"><div class = \"slideshow_align_caption\"><h2  class='avia-caption-title'  itemprop=\"name\" >Ohr \u00c4sthetik<\/h2><\/div><\/div><\/div><\/div><\/div><img decoding=\"async\" class=\"wp-image-565 avia-img-lazy-loading-not-565\"  src=\"https:\/\/mertsecer.com\/wp-content\/uploads\/2021\/01\/YU_kulak_estetigi1.jpg\" width=\"800\" height=\"450\" title='YU_kulak_estetigi1' alt=''  itemprop=\"thumbnailUrl\" srcset=\"https:\/\/mertsecer.com\/wp-content\/uploads\/2021\/01\/YU_kulak_estetigi1.jpg 800w, https:\/\/mertsecer.com\/wp-content\/uploads\/2021\/01\/YU_kulak_estetigi1-300x169.jpg 300w, https:\/\/mertsecer.com\/wp-content\/uploads\/2021\/01\/YU_kulak_estetigi1-768x432.jpg 768w, https:\/\/mertsecer.com\/wp-content\/uploads\/2021\/01\/YU_kulak_estetigi1-705x397.jpg 705w\" sizes=\"(max-width: 800px) 100vw, 800px\" \/><\/div><\/li><li  class='slide-2' ><div data-rel='slideshow-1' class='avia-slide-wrap'   ><div class = \"caption_fullwidth av-slideshow-caption caption_bottom\"><div class = \"container caption_container\"><div class = \"slideshow_caption\"><div class = \"slideshow_inner_caption\"><div class = \"slideshow_align_caption\"><h2  class='avia-caption-title'  itemprop=\"name\" >\u00c4sthetik ohne Operation<\/h2><\/div><\/div><\/div><\/div><\/div><img decoding=\"async\" class=\"wp-image-523 avia-img-lazy-loading-not-523\"  src=\"https:\/\/mertsecer.com\/wp-content\/uploads\/2021\/01\/ae-1500x630.jpg\" width=\"1500\" height=\"630\" title='ae' alt=''  itemprop=\"thumbnailUrl\"   \/><\/div><\/li><\/ul><div class='avia-slideshow-arrows avia-slideshow-controls'><a href='#prev' class='prev-slide' aria-hidden='true' data-av_icon='\ue87c' data-av_iconfont='entypo-fontello'>Zur\u00fcck<\/a><a href='#next' class='next-slide' aria-hidden='true' data-av_icon='\ue87d' data-av_iconfont='entypo-fontello'>Weiter<\/a><\/div><div class='avia-slideshow-dots avia-slideshow-controls'><a href='#1' class='goto-slide active' >1<\/a><a href='#2' class='goto-slide' >2<\/a><\/div><\/div><\/div>\n<div id='av-layout-grid-1'  class='av-layout-grid-container entry-content-wrapper main_color av-flex-cells     avia-builder-el-1  el_after_av_slideshow_full  avia-builder-el-last  submenu-not-first container_wrap fullsize' style=' '  >\n<div class=\"flex_cell no_margin av_one_third  avia-builder-el-2  el_before_av_cell_one_third  avia-builder-el-first\"  style='vertical-align:top; padding:30px; ' ><div class='flex_cell_inner' ><p><div  style='padding-bottom:10px; ' class='av-special-heading av-special-heading-h3  blockquote modern-quote modern-centered  avia-builder-el-3  el_before_av_textblock  avia-builder-el-first'><h3 class='av-special-heading-tag'  itemprop=\"headline\"  >Ohr \u00c4sthetik<\/h3><div class='special-heading-border'><div class='special-heading-inner-border' ><\/div><\/div><\/div><br \/>\n<section class=\"av_textblock_section\"  itemscope=\"itemscope\" itemtype=\"https:\/\/schema.org\/CreativeWork\" ><div class='avia_textblock'   itemprop=\"text\" ><p>Die Situation, die in der Bev\u00f6lkerung als abstehende Ohren beschrieben wird, verursacht im Kindes- und Jugendalter eine Reihe psychischer Probleme.<br \/>\n<strong>Was ist Ohr \u00c4sthetik<\/strong><br \/>\nOhr\u00e4sthetik ist der Prozess, den Winkel der Ohren mit dem Kopf zu korrigieren und sie in die normale Position zu bringen. Das Aussehen wird mit Ohr\u00e4sthetik korrigiert. Das Problem mit den abstehenden Ohren ist meist genetisch bedingt. Die Funktion des Ohrs ist normal, aber es verursacht \u00e4sthetische Angst.<\/p>\n<\/div><\/section><\/p>\n<\/div><\/div><div class=\"flex_cell no_margin av_one_third  avia-builder-el-5  el_after_av_cell_one_third  el_before_av_cell_one_third\"  style='vertical-align:top; padding:30px; background-color:#f7f7f7; ' ><div class='flex_cell_inner' ><p><div  style='padding-bottom:10px; ' class='av-special-heading av-special-heading-h3  blockquote modern-quote modern-centered  avia-builder-el-6  el_before_av_textblock  avia-builder-el-first'><h3 class='av-special-heading-tag'  itemprop=\"headline\"  >Wie wird die Ohr\u00e4sthetik durchgef\u00fchrt?<\/h3><div class='special-heading-border'><div class='special-heading-inner-border' ><\/div><\/div><\/div><br \/>\n<section class=\"av_textblock_section\"  itemscope=\"itemscope\" itemtype=\"https:\/\/schema.org\/CreativeWork\" ><div class='avia_textblock'   itemprop=\"text\" ><p><strong>Die Korrektur des abstehenden<\/strong> Ohrs wird normalerweise mit einem kleinen Schnitt hinter dem Ohr durchgef\u00fchrt. Bei einer Operation hinter dem Ohr wird der Winkel zwischen Ohr und Kopf durch spezielle Techniken verengt.<br \/>\n<img loading=\"lazy\" decoding=\"async\" class=\"alignnone size-full wp-image-711\" src=\"http:\/\/mertsecer.com\/wp-content\/uploads\/2021\/01\/YU_kulak_estetigi2.jpg\" alt=\"\" width=\"366\" height=\"132\" srcset=\"https:\/\/mertsecer.com\/wp-content\/uploads\/2021\/01\/YU_kulak_estetigi2.jpg 366w, https:\/\/mertsecer.com\/wp-content\/uploads\/2021\/01\/YU_kulak_estetigi2-300x108.jpg 300w\" sizes=\"auto, (max-width: 366px) 100vw, 366px\" \/><\/p>\n<\/div><\/section><\/p>\n<\/div><\/div><div class=\"flex_cell no_margin av_one_third  avia-builder-el-8  el_after_av_cell_one_third  avia-builder-el-last\"  style='vertical-align:top; padding:30px; background-color:#eaeaea; ' ><div class='flex_cell_inner' ><p><div  style='padding-bottom:10px; ' class='av-special-heading av-special-heading-h3  blockquote modern-quote modern-centered  avia-builder-el-9  el_before_av_textblock  avia-builder-el-first'><h3 class='av-special-heading-tag'  itemprop=\"headline\"  >Warum ist eine \u00e4rztliche Untersuchung f\u00fcr die Ohr\u00e4sthetik unerl\u00e4sslich?<\/h3><div class='special-heading-border'><div class='special-heading-inner-border' ><\/div><\/div><\/div><br \/>\n<section class=\"av_textblock_section\"  itemscope=\"itemscope\" itemtype=\"https:\/\/schema.org\/CreativeWork\" ><div class='avia_textblock'   itemprop=\"text\" ><p>\u00c4sthetische Eingriffe sind chirurgische Eingriffe. Vor der Durchf\u00fchrung des chirurgischen Eingriffs sollte eine ausf\u00fchrliche Untersuchung durchgef\u00fchrt werden und was w\u00e4hrend der Operation zu tun ist, sollte geplant werden. Die Operation sollte von plastischen Chirurgen durchgef\u00fchrt werden. Zwei Hauptziele dieser Operation sind das Erreichen eines normalen Aussehens der Ohren, um die \u00e4sthetische Angst der Patienten zu lindern, und die Durchf\u00fchrung der Operation ohne Komplikationen.<\/p>\n<\/div><\/section><\/p>\n<\/div><\/div><\/div>","protected":false},"excerpt":{"rendered":"","protected":false},"author":1,"featured_media":0,"parent":462,"menu_order":0,"comment_status":"closed","ping_status":"closed","template":"","meta":{"footnotes":""},"class_list":["post-490","page","type-page","status-publish","hentry"],"_links":{"self":[{"href":"https:\/\/mertsecer.com\/de\/wp-json\/wp\/v2\/pages\/490","targetHints":{"allow":["GET"]}}],"collection":[{"href":"https:\/\/mertsecer.com\/de\/wp-json\/wp\/v2\/pages"}],"about":[{"href":"https:\/\/mertsecer.com\/de\/wp-json\/wp\/v2\/types\/page"}],"author":[{"embeddable":true,"href":"https:\/\/mertsecer.com\/de\/wp-json\/wp\/v2\/users\/1"}],"replies":[{"embeddable":true,"href":"https:\/\/mertsecer.com\/de\/wp-json\/wp\/v2\/comments?post=490"}],"version-history":[{"count":4,"href":"https:\/\/mertsecer.com\/de\/wp-json\/wp\/v2\/pages\/490\/revisions"}],"predecessor-version":[{"id":712,"href":"https:\/\/mertsecer.com\/de\/wp-json\/wp\/v2\/pages\/490\/revisions\/712"}],"up":[{"embeddable":true,"href":"https:\/\/mertsecer.com\/de\/wp-json\/wp\/v2\/pages\/462"}],"wp:attachment":[{"href":"https:\/\/mertsecer.com\/de\/wp-json\/wp\/v2\/media?parent=490"}],"curies":[{"name":"wp","href":"https:\/\/api.w.org\/{rel}","templated":true}]}}