{"id":492,"date":"2021-01-03T01:24:08","date_gmt":"2021-01-02T22:24:08","guid":{"rendered":"http:\/\/mertsecer.com\/?page_id=492"},"modified":"2021-01-18T02:10:48","modified_gmt":"2021-01-17T23:10:48","slug":"yuz-germe","status":"publish","type":"page","link":"https:\/\/mertsecer.com\/de\/yuz-uygulamalari\/yuz-germe\/","title":{"rendered":"Gesichtsstraffung"},"content":{"rendered":"<div id='full_slider_1'  class='avia-fullwidth-slider main_color avia-shadow   avia-builder-el-0  el_before_av_layout_row  avia-builder-el-first   container_wrap fullsize' style=' '  ><div   data-size='featured_large'  data-lightbox_size='large'  data-animation='fade'  data-conditional_play=''  data-ids='566'  data-video_counter='0'  data-autoplay='false'  data-bg_slider='false'  data-slide_height=''  data-handle='av_slideshow_full'  data-interval='5'  data-class=' '  data-el_id=''  data-css_id=''  data-scroll_down=''  data-control_layout='av-control-minimal'  data-custom_markup=''  data-perma_caption=''  data-autoplay_stopper=''  data-image_attachment=''  data-min_height='0px'  data-lazy_loading='disabled'  data-src=''  data-position='top left'  data-repeat='no-repeat'  data-attach='scroll'  data-stretch=''  data-default-height='42'  class='avia-slideshow avia-slideshow-1  av-control-minimal av-default-height-applied avia-slideshow-featured_large av_slideshow_full   avia-fade-slider'  itemprop=\"image\" itemscope=\"itemscope\" itemtype=\"https:\/\/schema.org\/ImageObject\" ><ul class='avia-slideshow-inner' style='padding-bottom: 42%;' ><li  class='av-single-slide slide-1' ><div data-rel='slideshow-1' class='avia-slide-wrap'   ><div class = \"caption_fullwidth av-slideshow-caption caption_bottom\"><div class = \"container caption_container\"><div class = \"slideshow_caption\"><div class = \"slideshow_inner_caption\"><div class = \"slideshow_align_caption\"><h2  class='avia-caption-title'  itemprop=\"name\" >Gesichtsstraffung<\/h2><\/div><\/div><\/div><\/div><\/div><img decoding=\"async\" class=\"wp-image-566 avia-img-lazy-loading-not-566\"  src=\"https:\/\/mertsecer.com\/wp-content\/uploads\/2021\/01\/YU_Yuz_germe1-1500x630.jpg\" width=\"1500\" height=\"630\" title='YU_Yuz_germe1' alt=''  itemprop=\"thumbnailUrl\"   \/><\/div><\/li><\/ul><\/div><\/div>\n<div id='av-layout-grid-1'  class='av-layout-grid-container entry-content-wrapper main_color av-flex-cells     avia-builder-el-1  el_after_av_slideshow_full  el_before_av_image  submenu-not-first container_wrap fullsize' style=' '  >\n<div class=\"flex_cell no_margin av_one_third  avia-builder-el-2  el_before_av_cell_one_third  avia-builder-el-first\"  style='vertical-align:top; padding:30px; ' ><div class='flex_cell_inner' ><p><div  style='padding-bottom:10px; ' class='av-special-heading av-special-heading-h3  blockquote modern-quote modern-centered  avia-builder-el-3  el_before_av_textblock  avia-builder-el-first'><h3 class='av-special-heading-tag'  itemprop=\"headline\"  >Gesichtsstraffung<\/h3><div class='special-heading-border'><div class='special-heading-inner-border' ><\/div><\/div><\/div><br \/>\n<section class=\"av_textblock_section\"  itemscope=\"itemscope\" itemtype=\"https:\/\/schema.org\/CreativeWork\" ><div class='avia_textblock'   itemprop=\"text\" ><p>Gesichtsstraffung ist ein chirurgischer Eingriff, um die Abzeichen der Hautalterung im Gesicht und am Hals zu reduzieren. Wenn es richtig und von einem erfahrenen plastischen Chirurgen durchgef\u00fchrt wird:<br \/>\n\u2022 Reduziert das Durchh\u00e4ngen im Mittelgesichtsbereich<br \/>\n\u2022 Reduziert Falten unter den unteren Augenlidern<br \/>\n\u2022 Reduziert tiefe Falten an den Seiten von Mund und Nase<br \/>\n\u2022 Beseitigt Durchh\u00e4ngen unter dem Kinn und macht die Kinnlinie klar<br \/>\n\u2022 Verhilft Ihnen zu einem jugendlichen Aussehen, indem es das Gewebe und die Fettp\u00f6lsterchen neu positioniert.<br \/>\nGesichtsstraffung wird Ihr Selbstvertrauen st\u00e4rken und gibt Ihnen ein j\u00fcngeres Gesicht, das Sie lieben und sch\u00e4tzen. Wenn Sie Ihr Gesicht lieben, steigt Ihr Selbstbewusstsein und Sie altern mit den Jahren in W\u00fcrde.<\/p>\n<\/div><\/section><\/p>\n<\/div><\/div><div class=\"flex_cell no_margin av_one_third  avia-builder-el-5  el_after_av_cell_one_third  el_before_av_cell_one_third\"  style='vertical-align:top; padding:30px; background-color:#f7f7f7; ' ><div class='flex_cell_inner' ><p><div  style='padding-bottom:10px; ' class='av-special-heading av-special-heading-h3  blockquote modern-quote modern-centered  avia-builder-el-6  el_before_av_textblock  avia-builder-el-first'><h3 class='av-special-heading-tag'  itemprop=\"headline\"  >Wann ist der richtige Zeitpunkt f\u00fcr eine Operation?<\/h3><div class='special-heading-border'><div class='special-heading-inner-border' ><\/div><\/div><\/div><br \/>\n<section class=\"av_textblock_section\"  itemscope=\"itemscope\" itemtype=\"https:\/\/schema.org\/CreativeWork\" ><div class='avia_textblock'   itemprop=\"text\" ><p>Amerikanische Gesellschaft der plastischen Chirurgen sagte 2011, dass Gesichtsstraffung in jungen Jahren viele Vorteile hat und ver\u00f6ffentlichte einen Artikel mit dem Titel \u201eFr\u00fche oder minimale Zeichen der Gesichtsalterung\u201c.<br \/>\nDie meisten Menschen ziehen eine Gesichtsstraffung erst im Alter von 50 Jahren in Betracht. Sie sprechen dar\u00fcber, wenn sie in ihren 60ern oder 70ern sind. Studien haben jedoch gezeigt, dass Patienten in ihren 50ern oder j\u00fcnger bessere Ergebnisse erzielen als diejenigen, die warten, bis sie zu alt sind, um Gesichtsstraffung durchf\u00fchren zu lassen.<br \/>\n<img loading=\"lazy\" decoding=\"async\" class=\"alignnone size-full wp-image-713\" src=\"http:\/\/mertsecer.com\/wp-content\/uploads\/2021\/01\/YUZ_germe2.jpg\" alt=\"\" width=\"1048\" height=\"400\" srcset=\"https:\/\/mertsecer.com\/wp-content\/uploads\/2021\/01\/YUZ_germe2.jpg 1048w, https:\/\/mertsecer.com\/wp-content\/uploads\/2021\/01\/YUZ_germe2-300x115.jpg 300w, https:\/\/mertsecer.com\/wp-content\/uploads\/2021\/01\/YUZ_germe2-1030x393.jpg 1030w, https:\/\/mertsecer.com\/wp-content\/uploads\/2021\/01\/YUZ_germe2-768x293.jpg 768w, https:\/\/mertsecer.com\/wp-content\/uploads\/2021\/01\/YUZ_germe2-705x269.jpg 705w\" sizes=\"auto, (max-width: 1048px) 100vw, 1048px\" \/><\/p>\n<\/div><\/section><\/p>\n<\/div><\/div><div class=\"flex_cell no_margin av_one_third  avia-builder-el-8  el_after_av_cell_one_third  avia-builder-el-last\"  style='vertical-align:top; padding:30px; background-color:#eaeaea; ' ><div class='flex_cell_inner' ><p><div  style='padding-bottom:10px; ' class='av-special-heading av-special-heading-h3  blockquote modern-quote modern-centered  avia-builder-el-9  el_before_av_textblock  avia-builder-el-first'><h3 class='av-special-heading-tag'  itemprop=\"headline\"  >Nach der Operation <\/h3><div class='special-heading-border'><div class='special-heading-inner-border' ><\/div><\/div><\/div><br \/>\n<section class=\"av_textblock_section\"  itemscope=\"itemscope\" itemtype=\"https:\/\/schema.org\/CreativeWork\" ><div class='avia_textblock'   itemprop=\"text\" ><p>Unmittelbar nach dem Eingriff werden Ihr Kopf und Ihr Gesicht lose mit Bandagen umwickelt, um den behandelten Bereich zu sch\u00fctzen und Schwellungen und Bluterg\u00fcsse zu minimieren. In den ersten Wochen k\u00f6nnen im operierten Bereich Taubheitsgef\u00fchle, Verf\u00e4rbungen und Schmerzen auftreten.<br \/>\nSie erhalten detaillierte postoperative Anweisungen und Medikamente, um diesen postoperativen Prozess zu verwalten.<br \/>\nDie meisten unserer Patienten k\u00f6nnen nach einer vollst\u00e4ndigen Genesungsphase, die 10 Tage bis mehrere Wochen dauert, wieder arbeiten.<br \/>\n<img loading=\"lazy\" decoding=\"async\" class=\"alignnone size-full wp-image-714\" src=\"http:\/\/mertsecer.com\/wp-content\/uploads\/2021\/01\/YUZ_germe3.jpg\" alt=\"\" width=\"1048\" height=\"400\" srcset=\"https:\/\/mertsecer.com\/wp-content\/uploads\/2021\/01\/YUZ_germe3.jpg 1048w, https:\/\/mertsecer.com\/wp-content\/uploads\/2021\/01\/YUZ_germe3-300x115.jpg 300w, https:\/\/mertsecer.com\/wp-content\/uploads\/2021\/01\/YUZ_germe3-1030x393.jpg 1030w, https:\/\/mertsecer.com\/wp-content\/uploads\/2021\/01\/YUZ_germe3-768x293.jpg 768w, https:\/\/mertsecer.com\/wp-content\/uploads\/2021\/01\/YUZ_germe3-705x269.jpg 705w\" sizes=\"auto, (max-width: 1048px) 100vw, 1048px\" \/><\/p>\n<\/div><\/section><\/p>\n<\/div><\/div>\n<\/div><div id='after_submenu_1'  class='main_color av_default_container_wrap container_wrap fullsize' style=' '  ><div class='container' ><div class='template-page content  av-content-full alpha units'><div class='post-entry post-entry-type-page post-entry-492'><div class='entry-content-wrapper clearfix'>\n<div  class='avia-image-container  av-styling-    avia-builder-el-11  el_after_av_layout_row  avia-builder-el-no-sibling  avia-align-center'  itemprop=\"image\" itemscope=\"itemscope\" itemtype=\"https:\/\/schema.org\/ImageObject\"  ><div class='avia-image-container-inner'><div class='avia-image-overlay-wrap'><img decoding=\"async\" class='wp-image-718 avia-img-lazy-loading-not-718 avia_image' src=\"https:\/\/mertsecer.com\/wp-content\/uploads\/2021\/01\/seperator5.jpg\" alt='' title='seperator5' height=\"15\" width=\"559\"  itemprop=\"thumbnailUrl\" srcset=\"https:\/\/mertsecer.com\/wp-content\/uploads\/2021\/01\/seperator5.jpg 559w, https:\/\/mertsecer.com\/wp-content\/uploads\/2021\/01\/seperator5-300x8.jpg 300w\" sizes=\"(max-width: 559px) 100vw, 559px\" \/><\/div><\/div><\/div>","protected":false},"excerpt":{"rendered":"","protected":false},"author":1,"featured_media":0,"parent":462,"menu_order":0,"comment_status":"closed","ping_status":"closed","template":"","meta":{"footnotes":""},"class_list":["post-492","page","type-page","status-publish","hentry"],"_links":{"self":[{"href":"https:\/\/mertsecer.com\/de\/wp-json\/wp\/v2\/pages\/492","targetHints":{"allow":["GET"]}}],"collection":[{"href":"https:\/\/mertsecer.com\/de\/wp-json\/wp\/v2\/pages"}],"about":[{"href":"https:\/\/mertsecer.com\/de\/wp-json\/wp\/v2\/types\/page"}],"author":[{"embeddable":true,"href":"https:\/\/mertsecer.com\/de\/wp-json\/wp\/v2\/users\/1"}],"replies":[{"embeddable":true,"href":"https:\/\/mertsecer.com\/de\/wp-json\/wp\/v2\/comments?post=492"}],"version-history":[{"count":9,"href":"https:\/\/mertsecer.com\/de\/wp-json\/wp\/v2\/pages\/492\/revisions"}],"predecessor-version":[{"id":754,"href":"https:\/\/mertsecer.com\/de\/wp-json\/wp\/v2\/pages\/492\/revisions\/754"}],"up":[{"embeddable":true,"href":"https:\/\/mertsecer.com\/de\/wp-json\/wp\/v2\/pages\/462"}],"wp:attachment":[{"href":"https:\/\/mertsecer.com\/de\/wp-json\/wp\/v2\/media?parent=492"}],"curies":[{"name":"wp","href":"https:\/\/api.w.org\/{rel}","templated":true}]}}