{"id":65,"date":"2014-08-25T14:08:41","date_gmt":"2014-08-25T14:08:41","guid":{"rendered":"http:\/\/192.168.1.104\/enfold-photography\/?page_id=2"},"modified":"2022-04-11T18:23:56","modified_gmt":"2022-04-11T15:23:56","slug":"mert-secer","status":"publish","type":"page","link":"https:\/\/mertsecer.com\/de\/","title":{"rendered":"Mert Se\u00e7er"},"content":{"rendered":"<div id='fullscreen_slider_1'  class='avia-fullscreen-slider main_color   avia-builder-el-0  el_before_av_hr  avia-builder-el-first   container_wrap fullsize' style=' '  ><div   data-size='extra_large'  data-lightbox_size='large'  data-animation='fade'  data-conditional_play=''  data-ids='512'  data-video_counter='0'  data-autoplay='true'  data-bg_slider='true'  data-slide_height='100'  data-handle='av_fullscreen'  data-interval='3'  data-class=' '  data-el_id=''  data-css_id='fullscreen_slider_1'  data-scroll_down=''  data-control_layout='av-control-hidden'  data-custom_markup=''  data-perma_caption='aviaTBperma_caption'  data-autoplay_stopper=''  data-image_attachment=''  data-min_height='0px'  data-lazy_loading='disabled'  data-stretch=''  data-default-height='100'  class='avia-slideshow avia-slideshow-1  av-control-hidden av-default-height-applied avia-slideshow-extra_large av_fullscreen   avia-fade-slider'  itemprop=\"image\" itemscope=\"itemscope\" itemtype=\"https:\/\/schema.org\/ImageObject\" ><ul class='avia-slideshow-inner' style='padding-bottom: 75%;' ><li style='background-position:center center;' data-img-url='https:\/\/mertsecer.com\/wp-content\/uploads\/2021\/01\/anasayfa3.jpg' class='av-single-slide slide-1' ><div data-rel='slideshow-1' class='avia-slide-wrap'   ><\/div><\/li><\/ul><div class = \"caption_fullwidth av-slideshow-caption caption_center\"><div class = \"container caption_container\"><div class = \"slideshow_caption\"><div class = \"slideshow_inner_caption\"><div class = \"slideshow_align_caption\"><h2  style='font-size:70px; ' class='avia-caption-title'  itemprop=\"name\" >Mert Se\u00e7er<\/h2><div class='avia-caption-content  av_inherit_color'  itemprop=\"description\"   style='font-size:22px; '><p>\u00c4sthetischer und plastischer Chirurg<\/p>\n<\/div><a href='https:\/\/mertsecer.com\/de\/iletisim\/'  class='avia-slideshow-button avia-button avia-color-light' data-duration='800' data-easing='easeInOutQuad'>Kontakt<\/a><\/div><\/div><\/div><\/div><\/div><\/div><\/div><div id='after_full_slider_1'  class='main_color av_default_container_wrap container_wrap fullsize' style=' '  ><div class='container' ><div class='template-page content  av-content-full alpha units'><div class='post-entry post-entry-type-page post-entry-65'><div class='entry-content-wrapper clearfix'>\n<div   class='hr hr-default   avia-builder-el-1  el_after_av_fullscreen  el_before_av_heading  avia-builder-el-first'><span class='hr-inner' ><span class='hr-inner-style'><\/span><\/span><\/div>\n<div  style='padding-bottom:10px; ' class='av-special-heading av-special-heading-h3  blockquote modern-quote modern-centered  avia-builder-el-2  el_after_av_hr  el_before_av_one_half'><h3 class='av-special-heading-tag'  itemprop=\"headline\"  >Operierender Arzt Mert SE\u00c7ER<\/h3><div class='special-heading-border'><div class='special-heading-inner-border' ><\/div><\/div><\/div>\n<div class=\"flex_column av_one_half  flex_column_div av-zero-column-padding first  avia-builder-el-3  el_after_av_heading  el_before_av_one_half\" style='border-radius:0px; '><section class=\"av_textblock_section\"  itemscope=\"itemscope\" itemtype=\"https:\/\/schema.org\/CreativeWork\" ><div class='avia_textblock'   itemprop=\"text\" ><p>Er wurde in Ankara geboren.<br \/>\n.<br \/>\n<img loading=\"lazy\" decoding=\"async\" class=\"alignnone wp-image-697 aligncenter\" src=\"http:\/\/mertsecer.com\/wp-content\/uploads\/2021\/01\/ms_fv.png\" alt=\"\" width=\"10\" height=\"10\" \/> Er hat im Jahr 2013 Hacettepe Universit\u00e4t Medizinischen Fakult\u00e4t (Englischprogramm) absolviert und im selben Jahr hat er an der Eski\u015fehir Osmangazi Universit\u00e4t sein Spezialisierungsprogramm in der Abteilung f\u00fcr Plastische Rekonstruktive und \u00c4sthetische Chirurgie angefangen und hat dieses Programm im Dezember 2018 abgeschlossen.<br \/>\n<img loading=\"lazy\" decoding=\"async\" class=\"alignnone wp-image-697 aligncenter\" src=\"http:\/\/mertsecer.com\/wp-content\/uploads\/2021\/01\/ms_fv.png\" alt=\"\" width=\"10\" height=\"10\" \/>Nach seiner Spezialisierung auf Plastische Rekonstruktive und \u00c4sthetische Chirurgie hat er zwei Jahre lang als Pflichtdienst im Krankenhaus der Stadt Yozgat gedient.<br \/>\n<span class=\"s1\">Nach dem Pflichtdienst hat er in seiner eigenen Privatklinik angefangen zu dienen.<\/span><\/p>\n<p><img loading=\"lazy\" decoding=\"async\" class=\"alignnone wp-image-697 aligncenter\" src=\"http:\/\/mertsecer.com\/wp-content\/uploads\/2021\/01\/ms_fv.png\" alt=\"\" width=\"10\" height=\"10\" \/>Mert Se\u00e7er ist Mitglied der T\u00fcrkischen Gesellschaft f\u00fcr Plastische, Rekonstruktive und \u00c4sthetische Chirurgie.<\/p>\n<p>Er ist besonders erfahren in Gesichts-, Nasen-, Brust- und K\u00f6rperrekonstruktionsoperationen.<\/p>\n<ul>\n<li>Er hat Vortr\u00e4ge \u00fcber Rhinoplastik, Fetttransplantationen, Verbrennungen und handchirurgische Studien in Kongresse verhalten.<\/li>\n<li>Er ist erfahren in Rhinoplastik und Gesichtsstraffung Operationen.<br \/>\nEr ist verheiratet und Vater einer Katze.<\/li>\n<\/ul>\n<\/div><\/section><\/div><div class=\"flex_column av_one_half  flex_column_div av-zero-column-padding   avia-builder-el-5  el_after_av_one_half  el_before_av_image\" style='border-radius:0px; '><div  class='avia-image-container  av-styling-    avia-builder-el-6  avia-builder-el-no-sibling  avia-align-center'  itemprop=\"image\" itemscope=\"itemscope\" itemtype=\"https:\/\/schema.org\/ImageObject\"  ><div class='avia-image-container-inner'><div class='avia-image-overlay-wrap'><img decoding=\"async\" class='wp-image-659 avia-img-lazy-loading-not-659 avia_image' src=\"https:\/\/mertsecer.com\/wp-content\/uploads\/2021\/01\/mertSecer_ameliyat_600-700x630.jpg\" alt='' title='mertSecer_ameliyat_600' height=\"630\" width=\"700\"  itemprop=\"thumbnailUrl\"  \/><\/div><\/div><\/div><\/div><\/p>\n<div  class='avia-image-container  av-styling-    avia-builder-el-7  el_after_av_one_half  el_before_av_image  avia-align-center'  itemprop=\"image\" itemscope=\"itemscope\" itemtype=\"https:\/\/schema.org\/ImageObject\"  ><div class='avia-image-container-inner'><div class='avia-image-overlay-wrap'><img decoding=\"async\" class='wp-image-718 avia-img-lazy-loading-not-718 avia_image' src=\"https:\/\/mertsecer.com\/wp-content\/uploads\/2021\/01\/seperator5.jpg\" alt='' title='seperator5' height=\"15\" width=\"559\"  itemprop=\"thumbnailUrl\" srcset=\"https:\/\/mertsecer.com\/wp-content\/uploads\/2021\/01\/seperator5.jpg 559w, https:\/\/mertsecer.com\/wp-content\/uploads\/2021\/01\/seperator5-300x8.jpg 300w\" sizes=\"(max-width: 559px) 100vw, 559px\" \/><\/div><\/div><\/div>\n<div  class='avia-image-container  av-styling-    avia-builder-el-8  el_after_av_image  el_before_av_image  avia-align-center'  itemprop=\"image\" itemscope=\"itemscope\" itemtype=\"https:\/\/schema.org\/ImageObject\"  ><div class='avia-image-container-inner'><div class='avia-image-overlay-wrap'><img decoding=\"async\" class='wp-image-651 avia-img-lazy-loading-not-651 avia_image' src=\"https:\/\/mertsecer.com\/wp-content\/uploads\/2021\/01\/mertAycaSB1.jpg\" alt='' title='mertAycaSB1' height=\"1020\" width=\"1650\"  itemprop=\"thumbnailUrl\" srcset=\"https:\/\/mertsecer.com\/wp-content\/uploads\/2021\/01\/mertAycaSB1.jpg 1650w, https:\/\/mertsecer.com\/wp-content\/uploads\/2021\/01\/mertAycaSB1-300x185.jpg 300w, https:\/\/mertsecer.com\/wp-content\/uploads\/2021\/01\/mertAycaSB1-1030x637.jpg 1030w, https:\/\/mertsecer.com\/wp-content\/uploads\/2021\/01\/mertAycaSB1-768x475.jpg 768w, https:\/\/mertsecer.com\/wp-content\/uploads\/2021\/01\/mertAycaSB1-1536x950.jpg 1536w, https:\/\/mertsecer.com\/wp-content\/uploads\/2021\/01\/mertAycaSB1-1500x927.jpg 1500w, https:\/\/mertsecer.com\/wp-content\/uploads\/2021\/01\/mertAycaSB1-705x436.jpg 705w\" sizes=\"(max-width: 1650px) 100vw, 1650px\" \/><\/div><\/div><\/div>\n<div  class='avia-image-container  av-styling-    avia-builder-el-9  el_after_av_image  el_before_av_slideshow  avia-align-center'  itemprop=\"image\" itemscope=\"itemscope\" itemtype=\"https:\/\/schema.org\/ImageObject\"  ><div class='avia-image-container-inner'><div class='avia-image-overlay-wrap'><img decoding=\"async\" class='wp-image-718 avia-img-lazy-loading-not-718 avia_image' src=\"https:\/\/mertsecer.com\/wp-content\/uploads\/2021\/01\/seperator5.jpg\" alt='' title='seperator5' height=\"15\" width=\"559\"  itemprop=\"thumbnailUrl\" srcset=\"https:\/\/mertsecer.com\/wp-content\/uploads\/2021\/01\/seperator5.jpg 559w, https:\/\/mertsecer.com\/wp-content\/uploads\/2021\/01\/seperator5-300x8.jpg 300w\" sizes=\"(max-width: 559px) 100vw, 559px\" \/><\/div><\/div><\/div>","protected":false},"excerpt":{"rendered":"","protected":false},"author":1,"featured_media":0,"parent":0,"menu_order":0,"comment_status":"open","ping_status":"open","template":"","meta":{"footnotes":""},"class_list":["post-65","page","type-page","status-publish","hentry"],"_links":{"self":[{"href":"https:\/\/mertsecer.com\/de\/wp-json\/wp\/v2\/pages\/65","targetHints":{"allow":["GET"]}}],"collection":[{"href":"https:\/\/mertsecer.com\/de\/wp-json\/wp\/v2\/pages"}],"about":[{"href":"https:\/\/mertsecer.com\/de\/wp-json\/wp\/v2\/types\/page"}],"author":[{"embeddable":true,"href":"https:\/\/mertsecer.com\/de\/wp-json\/wp\/v2\/users\/1"}],"replies":[{"embeddable":true,"href":"https:\/\/mertsecer.com\/de\/wp-json\/wp\/v2\/comments?post=65"}],"version-history":[{"count":40,"href":"https:\/\/mertsecer.com\/de\/wp-json\/wp\/v2\/pages\/65\/revisions"}],"predecessor-version":[{"id":810,"href":"https:\/\/mertsecer.com\/de\/wp-json\/wp\/v2\/pages\/65\/revisions\/810"}],"wp:attachment":[{"href":"https:\/\/mertsecer.com\/de\/wp-json\/wp\/v2\/media?parent=65"}],"curies":[{"name":"wp","href":"https:\/\/api.w.org\/{rel}","templated":true}]}}