{"id":757,"date":"2021-01-31T02:51:52","date_gmt":"2021-01-30T23:51:52","guid":{"rendered":"https:\/\/mertsecer.com\/?page_id=757"},"modified":"2022-02-08T14:34:04","modified_gmt":"2022-02-08T11:34:04","slug":"sizden-gelenler","status":"publish","type":"page","link":"https:\/\/mertsecer.com\/en\/sizden-gelenler\/","title":{"rendered":"Your Comments"},"content":{"rendered":"<div  class='avia-image-container  av-styling-    avia-builder-el-0  el_before_av_testimonials  avia-builder-el-first  avia-align-center'  itemprop=\"image\" itemscope=\"itemscope\" itemtype=\"https:\/\/schema.org\/ImageObject\"  ><div class='avia-image-container-inner'><div class='avia-image-overlay-wrap'><img decoding=\"async\" class='wp-image-774 avia-img-lazy-loading-not-774 avia_image' src=\"https:\/\/mertsecer.com\/wp-content\/uploads\/2022\/02\/yourcomments_Eng.jpg\" alt='' title='sizden_gelenler' height=\"427\" width=\"1520\"  itemprop=\"thumbnailUrl\" srcset=\"https:\/\/mertsecer.com\/wp-content\/uploads\/2022\/02\/yourcomments_Eng.jpg 1519w, https:\/\/mertsecer.com\/wp-content\/uploads\/2022\/02\/yourcomments_Eng-300x84.jpg 300w, https:\/\/mertsecer.com\/wp-content\/uploads\/2022\/02\/yourcomments_Eng-1030x289.jpg 1030w, https:\/\/mertsecer.com\/wp-content\/uploads\/2022\/02\/yourcomments_Eng-768x215.jpg 768w, https:\/\/mertsecer.com\/wp-content\/uploads\/2022\/02\/yourcomments_Eng-18x5.jpg 18w, https:\/\/mertsecer.com\/wp-content\/uploads\/2022\/02\/yourcomments_Eng-1500x421.jpg 1500w, https:\/\/mertsecer.com\/wp-content\/uploads\/2022\/02\/yourcomments_Eng-705x198.jpg 705w\" sizes=\"(max-width: 1520px) 100vw, 1520px\" \/><\/div><\/div><\/div>\n<div   data-autoplay='1'  data-interval='5'  data-animation='fade'  data-hoverpause='1'  class='avia-testimonial-wrapper avia-grid-testimonials avia-grid-2-testimonials avia_animate_when_almost_visible'>\n<section class ='avia-testimonial-row'><div class='avia-testimonial av_one_half flex_column no_margin avia-testimonial-row-1 avia-first-testimonial' ><div class='avia-testimonial_inner'  itemscope=\"itemscope\" itemtype=\"https:\/\/schema.org\/CreativeWork\" ><div class='avia-testimonial-content'  ><div class='avia-testimonial-markup-entry-content'  itemprop=\"text\" ><p>I could only entrust my daughter to Dr. Mert Se\u00e7er. He did not mislead me either. \nMy daughter is also very happy and her self-confidence has been renewed. \nPost-operative care is excellent. He calls and warns on certain days. Since his hand is very fast, the duration of surgery and anesthesia is also short. If you have the intention, you can entrust yourself blindly.<\/p>\n<\/div><\/div><div class='avia-testimonial-meta'><div class='avia-testimonial-arrow-wrap'><div class='avia-arrow'><\/div><\/div><div class='avia-testimonial-meta-mini'  itemprop=\"author\" itemscope=\"itemscope\" itemtype=\"https:\/\/schema.org\/Person\" ><strong  class='avia-testimonial-name'    itemprop=\"name\" >N...<\/strong><span  class='avia-testimonial-subtitle'    itemprop=\"jobTitle\" >\u00c7...<\/span><\/div><\/div><\/div><\/div>\n<div class='avia-testimonial av_one_half flex_column no_margin avia-testimonial-row-1 avia-last-testimonial' ><div class='avia-testimonial_inner'  itemscope=\"itemscope\" itemtype=\"https:\/\/schema.org\/CreativeWork\" ><div class='avia-testimonial-content'  ><div class='avia-testimonial-markup-entry-content'  itemprop=\"text\" ><p>There is good in everything.\nI researched so much..\nEspecially in Istanbul and Eski\u015fehir.. Neither Prof. I talked to them, but none of them pleased me.\nI explained and showed what I wanted with all the details.\nThat's it, it's exactly what I wanted. Thank you so much\u2026<\/p>\n<\/div><\/div><div class='avia-testimonial-meta'><div class='avia-testimonial-arrow-wrap'><div class='avia-arrow'><\/div><\/div><div class='avia-testimonial-meta-mini'  itemprop=\"author\" itemscope=\"itemscope\" itemtype=\"https:\/\/schema.org\/Person\" ><strong  class='avia-testimonial-name'    itemprop=\"name\" >Hilal<\/strong><span  class='avia-testimonial-subtitle'    itemprop=\"jobTitle\" >Tan<\/span><\/div><\/div><\/div><\/div><\/section>\n<section class ='avia-testimonial-row'><div class='avia-testimonial av_one_half flex_column no_margin avia-testimonial-row-2 avia-first-testimonial' ><div class='avia-testimonial_inner'  itemscope=\"itemscope\" itemtype=\"https:\/\/schema.org\/CreativeWork\" ><div class='avia-testimonial-content'  ><div class='avia-testimonial-markup-entry-content'  itemprop=\"text\" ><p class=\"translation-block\">The deformity of my nose had been bothering me for a long time, but I was afraid.<br>\nAt the recommendation of a friend, I reached out to Dr. Mert.<br>\nI saw that all my fears were unfounded. I am very happy with the result. It was a better result than I expected.<\/p>\n<\/div><\/div><div class='avia-testimonial-meta'><div class='avia-testimonial-arrow-wrap'><div class='avia-arrow'><\/div><\/div><div class='avia-testimonial-meta-mini'  itemprop=\"author\" itemscope=\"itemscope\" itemtype=\"https:\/\/schema.org\/Person\" ><strong  class='avia-testimonial-name'    itemprop=\"name\" >Emre<\/strong><span  class='avia-testimonial-subtitle'    itemprop=\"jobTitle\" >Ert\u00fcrk<\/span><\/div><\/div><\/div><\/div>\n<div class='avia-testimonial av_one_half flex_column no_margin avia-testimonial-row-2 avia-last-testimonial' ><div class='avia-testimonial_inner'  itemscope=\"itemscope\" itemtype=\"https:\/\/schema.org\/CreativeWork\" ><div class='avia-testimonial-content'  ><div class='avia-testimonial-markup-entry-content'  itemprop=\"text\" ><p>Even though I had an operation before, I could not breathe through my nose.\n\nDr. I found Mert. I had a really successful operation in every way my interested Dr. Respect to Mert, I am grateful to you!<\/p>\n<\/div><\/div><div class='avia-testimonial-meta'><div class='avia-testimonial-arrow-wrap'><div class='avia-arrow'><\/div><\/div><div class='avia-testimonial-meta-mini'  itemprop=\"author\" itemscope=\"itemscope\" itemtype=\"https:\/\/schema.org\/Person\" ><strong  class='avia-testimonial-name'    itemprop=\"name\" >H****<\/strong><\/div><\/div><\/div><\/div><\/section>\n<\/div>\n<div   class='hr hr-default   avia-builder-el-2  el_after_av_testimonials  el_before_av_contact'><span class='hr-inner' ><span class='hr-inner-style'><\/span><\/span><\/div>\n<form action=\"https:\/\/mertsecer.com\/en\/sizden-gelenler\/\" method=\"post\"  class=\"avia_ajax_form av-form-labels-visible   avia-builder-el-3  el_after_av_hr  avia-builder-el-last\" data-avia-form-id=\"1\" data-avia-redirect='' data-trp-original-action=\"https:\/\/mertsecer.com\/en\/sizden-gelenler\/\" ><h3 class=''>Bize d\u00fc\u015f\u00fcncelerinizi yaz\u0131n\u0131z!<\/h3><fieldset><p class='first_form  form_element form_fullwidth' id='element_avia_1_1'><label for=\"avia_1_1\">Name <abbr class=\"required\" title=\"required\">*<\/abbr><\/label> <input name=\"avia_1_1\" class=\"text_input is_empty\" type=\"text\" id=\"avia_1_1\" value=\"\" \/><\/p><p class='first_form  form_element form_fullwidth' id='element_avia_2_1'><label for=\"avia_2_1\">E-Posta <abbr class=\"required\" title=\"required\">*<\/abbr><\/label> <input name=\"avia_2_1\" class=\"text_input is_email\" type=\"text\" id=\"avia_2_1\" value=\"\" \/><\/p><p class='first_form  form_element form_fullwidth' id='element_avia_3_1'><label for=\"avia_3_1\">Subject <abbr class=\"required\" title=\"required\">*<\/abbr><\/label> <input name=\"avia_3_1\" class=\"text_input is_empty\" type=\"text\" id=\"avia_3_1\" value=\"\" \/><\/p><p class='first_form  form_element form_fullwidth av-last-visible-form-element' id='element_avia_4_1'><label for=\"avia_4_1\" class=\"textare_label hidden textare_label_avia_4_1\">Mesaj <abbr class=\"required\" title=\"required\">*<\/abbr><\/label><textarea  name=\"avia_4_1\" class=\"text_area is_empty\" cols=\"40\" rows=\"7\" id=\"avia_4_1\" ><\/textarea><\/p><p class=\"hidden\"><input type=\"text\" name=\"avia_5_1\" class=\"hidden\" id=\"avia_5_1\" value=\"\" \/><\/p><p class=\"form_element\"><input type=\"hidden\" value=\"1\" name=\"avia_generated_form1\" \/><input type=\"submit\" value=\"Send\" class=\"button\"  data-sending-label=\"Sending\"\/><\/p><\/fieldset><input type=\"hidden\" name=\"trp-form-language\" value=\"en\"\/><\/form><div id=\"ajaxresponse_1\" class=\"ajaxresponse ajaxresponse_1 hidden\"><\/div>","protected":false},"excerpt":{"rendered":"","protected":false},"author":1,"featured_media":0,"parent":0,"menu_order":0,"comment_status":"closed","ping_status":"closed","template":"","meta":{"footnotes":""},"class_list":["post-757","page","type-page","status-publish","hentry"],"_links":{"self":[{"href":"https:\/\/mertsecer.com\/en\/wp-json\/wp\/v2\/pages\/757","targetHints":{"allow":["GET"]}}],"collection":[{"href":"https:\/\/mertsecer.com\/en\/wp-json\/wp\/v2\/pages"}],"about":[{"href":"https:\/\/mertsecer.com\/en\/wp-json\/wp\/v2\/types\/page"}],"author":[{"embeddable":true,"href":"https:\/\/mertsecer.com\/en\/wp-json\/wp\/v2\/users\/1"}],"replies":[{"embeddable":true,"href":"https:\/\/mertsecer.com\/en\/wp-json\/wp\/v2\/comments?post=757"}],"version-history":[{"count":21,"href":"https:\/\/mertsecer.com\/en\/wp-json\/wp\/v2\/pages\/757\/revisions"}],"predecessor-version":[{"id":800,"href":"https:\/\/mertsecer.com\/en\/wp-json\/wp\/v2\/pages\/757\/revisions\/800"}],"wp:attachment":[{"href":"https:\/\/mertsecer.com\/en\/wp-json\/wp\/v2\/media?parent=757"}],"curies":[{"name":"wp","href":"https:\/\/api.w.org\/{rel}","templated":true}]}}